{"id":2038,"date":"2023-12-08T16:32:10","date_gmt":"2023-12-08T15:32:10","guid":{"rendered":"https:\/\/cargese-locations.fr\/Blog\/?page_id=2038"},"modified":"2025-02-22T19:17:54","modified_gmt":"2025-02-22T18:17:54","slug":"excursions-en-mer","status":"publish","type":"page","link":"https:\/\/cargese-locations.fr\/Blog\/excursions-en-mer\/","title":{"rendered":""},"content":{"rendered":"\n<h1 class=\"wp-block-heading\">.Les compagnies d&rsquo;excursion en mer \u00e0 Carg\u00e8se..<\/h1>\n\n\n\n<h2 class=\"wp-block-heading has-medium-font-size\"><strong>.<\/strong> <strong><a href=\"https:\/\/www.ufilanciu.fr\/\" target=\"_blank\" rel=\"noreferrer noopener\">U Filanciu.<\/a><\/strong><\/h2>\n\n\n\n<figure class=\"wp-block-image size-full is-resized\"><img loading=\"lazy\" decoding=\"async\" width=\"244\" height=\"99\" src=\"https:\/\/cargese-locations.fr\/Blog\/wp-content\/uploads\/2025\/01\/filanciu.webp\" alt=\"\" class=\"wp-image-2961\" style=\"width:250px\"\/><\/figure>\n\n\n\n<p class=\"has-small-font-size\">Les Calanques de Piana, le Capo Rosso, la r\u00e9serve naturelle de Scandola et le c\u00e9l\u00e8bre village de Girolata seront au programme de cette balade inoubliable, accompagn\u00e9e de r\u00e9cits et d\u2019anecdotes, en compagnie d&rsquo;une \u00e9quipe enti\u00e8rement d\u00e9vou\u00e9e, pour vous guider et vous faire d\u00e9couvrir ces lieux uniques au monde\u2026 <\/p>\n\n\n\n<p class=\"has-small-font-size\">Excursions en mer et Sorties p\u00eache  &#8211;  sur Vedettes rapides 10\/11m  12 places assises.<\/p>\n\n\n\n<h2 class=\"wp-block-heading has-medium-font-size\"><strong>. <span><a href=\"https:\/\/www.cargese-croisieres.com\/\" target=\"_blank\" rel=\"noreferrer noopener\">Carg\u00e8se croisi\u00e8res.<\/a><\/span><\/strong><\/h2>\n\n\n\n<figure class=\"wp-block-image size-full is-resized\"><img loading=\"lazy\" decoding=\"async\" width=\"205\" height=\"108\" src=\"https:\/\/cargese-locations.fr\/Blog\/wp-content\/uploads\/2025\/01\/cargcroisiere.webp\" alt=\"\" class=\"wp-image-2921\" style=\"width:250px\"\/><\/figure>\n\n\n\n<p class=\"has-small-font-size\">Vivez une exp\u00e9rience unique au d\u00e9part de Carg\u00e8se vers les splendeurs du Golfe de Porto, \u00e0 bord du Puntiglio, semi-rigide 12 places. Son capitaine&nbsp; vous fera d\u00e9couvrir \u00e0 sa mani\u00e8re, les moindres secrets de cette c\u00f4te&nbsp; dans une ambiance conviviale. Evasion garantie !<\/p>\n\n\n\n<h2 class=\"wp-block-heading has-medium-font-size\"><strong>.<\/strong> <strong><a href=\"https:\/\/www.croisieresgrandbleu.com\/\" target=\"_blank\" rel=\"noreferrer noopener\">Croisi\u00e8res  Grand bleu<\/a><a href=\"https:\/\/www.croisieresgrandbleu.com\/\" rel=\"nofollow\">.<\/a><\/strong><\/h2>\n\n\n\n<figure class=\"wp-block-image size-full is-resized\"><img loading=\"lazy\" decoding=\"async\" width=\"347\" height=\"121\" src=\"https:\/\/cargese-locations.fr\/Blog\/wp-content\/uploads\/2025\/01\/gbleu.webp\" alt=\"\" class=\"wp-image-2962\" style=\"width:250px\" srcset=\"https:\/\/cargese-locations.fr\/Blog\/wp-content\/uploads\/2025\/01\/gbleu.webp 347w, https:\/\/cargese-locations.fr\/Blog\/wp-content\/uploads\/2025\/01\/gbleu-300x105.webp 300w\" sizes=\"auto, (max-width: 347px) 100vw, 347px\" \/><\/figure>\n\n\n\n<p class=\"has-small-font-size\">Les croisi\u00e8res propos\u00e9es par Croisi\u00e8res Grand Bleu offrent une riche vari\u00e9t\u00e9 d&rsquo;options, que ce soit une promenade en bateau d&rsquo;une heure pour d\u00e9couvrir la c\u00f4te de Carg\u00e8se, une excursion d&rsquo;une journ\u00e9e compl\u00e8te pour d\u00e9couvrir les Calanques de Piana, ou encore une balade en mer romantique au coucher du soleil. Avec des excursions pour tous les go\u00fbts et des capitaines professionnels et passionn\u00e9s, vous \u00eates s\u00fbr de passer une journ\u00e9e de r\u00eaves \u00e0 bord de l&rsquo;un de leurs bateaux.<\/p>\n\n\n\n<h2 class=\"wp-block-heading has-medium-font-size\">. <strong><a href=\"https:\/\/www.lagulamarinacroisieres.fr\/\" target=\"_blank\" rel=\"noreferrer noopener nofollow\">L&rsquo;Agula Marina.<\/a><\/strong><\/h2>\n\n\n\n<figure class=\"wp-block-image size-full is-resized\"><img loading=\"lazy\" decoding=\"async\" width=\"250\" height=\"113\" src=\"https:\/\/cargese-locations.fr\/Blog\/wp-content\/uploads\/2025\/01\/agula.webp\" alt=\"\" class=\"wp-image-2940\" style=\"width:250px\"\/><\/figure>\n\n\n\n<p class=\"has-small-font-size\">Petit-fils et fils de p\u00eacheur, votre skipper Jean Baptiste Capodimacci \u00e9galement p\u00eacheur vous fera d\u00e9couvrir les merveilles et secrets des calanques de Piana et de la R\u00e9serve naturelle de Scandola, class\u00e9e au patrimoine mondial de l\u2019Unesco, lieux qu\u2019il sillonne depuis l\u2019enfance.<\/p>\n\n\n\n<p><\/p>\n","protected":false},"excerpt":{"rendered":"<p>.Les compagnies d&rsquo;excursion en mer \u00e0 Carg\u00e8se.. . U Filanciu. Les Calanques de Piana, le Capo Rosso, la r\u00e9serve naturelle de Scandola et le c\u00e9l\u00e8bre village de Girolata seront au programme de cette balade inoubliable, accompagn\u00e9e de r\u00e9cits et d\u2019anecdotes, en compagnie d&rsquo;une \u00e9quipe enti\u00e8rement d\u00e9vou\u00e9e, pour vous guider et vous faire d\u00e9couvrir ces lieux&#8230;<\/p>\n","protected":false},"author":1,"featured_media":0,"parent":0,"menu_order":0,"comment_status":"closed","ping_status":"closed","template":"","meta":{"_kad_post_transparent":"","_kad_post_title":"","_kad_post_layout":"","_kad_post_sidebar_id":"","_kad_post_content_style":"","_kad_post_vertical_padding":"","_kad_post_feature":"","_kad_post_feature_position":"","_kad_post_header":false,"_kad_post_footer":false,"_kad_post_classname":"","footnotes":""},"class_list":["post-2038","page","type-page","status-publish","hentry"],"yoast_head":"<!-- This site is optimized with the Yoast SEO plugin v27.3 - https:\/\/yoast.com\/product\/yoast-seo-wordpress\/ -->\n<title>Excursions en mer \u00e0 Carg\u00e8se.<\/title>\n<meta name=\"description\" content=\"Pr\u00e9sentation des principales compagnies d&#039;excursion en mer de Carg\u00e8se. contact, r\u00e9servation &amp; sites web...\" \/>\n<meta name=\"robots\" content=\"index, nofollow, max-snippet:-1, max-image-preview:large, max-video-preview:-1\" \/>\n<link rel=\"canonical\" href=\"https:\/\/cargese-locations.fr\/Blog\/excursions-en-mer\/\" \/>\n<meta property=\"og:locale\" content=\"fr_FR\" \/>\n<meta property=\"og:type\" content=\"article\" \/>\n<meta property=\"og:title\" content=\"Excursions en mer \u00e0 Carg\u00e8se.\" \/>\n<meta property=\"og:description\" content=\"Pr\u00e9sentation des principales compagnies d&#039;excursion en mer de Carg\u00e8se. contact, r\u00e9servation &amp; sites web...\" \/>\n<meta property=\"og:url\" content=\"https:\/\/cargese-locations.fr\/Blog\/excursions-en-mer\/\" \/>\n<meta property=\"og:site_name\" content=\"Tout ce qui est \u00e0 voir, \u00e0 savoir , \u00e0 faire et \u00e0 visiter, \u00e0 Carg\u00e8se.\" \/>\n<meta property=\"article:publisher\" content=\"https:\/\/www.facebook.com\/CargeseLocations\/\" \/>\n<meta property=\"article:modified_time\" content=\"2025-02-22T18:17:54+00:00\" \/>\n<meta property=\"og:image\" content=\"https:\/\/cargese-locations.fr\/Blog\/wp-content\/uploads\/2025\/01\/filanciu.webp\" \/>\n\t<meta property=\"og:image:width\" content=\"244\" \/>\n\t<meta property=\"og:image:height\" content=\"99\" \/>\n\t<meta property=\"og:image:type\" content=\"image\/webp\" \/>\n<meta name=\"twitter:card\" content=\"summary_large_image\" \/>\n<meta name=\"twitter:label1\" content=\"Dur\u00e9e de lecture estim\u00e9e\" \/>\n\t<meta name=\"twitter:data1\" content=\"3 minutes\" \/>\n<script type=\"application\/ld+json\" class=\"yoast-schema-graph\">{\"@context\":\"https:\\\/\\\/schema.org\",\"@graph\":[{\"@type\":\"WebPage\",\"@id\":\"https:\\\/\\\/cargese-locations.fr\\\/Blog\\\/excursions-en-mer\\\/\",\"url\":\"https:\\\/\\\/cargese-locations.fr\\\/Blog\\\/excursions-en-mer\\\/\",\"name\":\"Excursions en mer \u00e0 Carg\u00e8se.\",\"isPartOf\":{\"@id\":\"https:\\\/\\\/cargese-locations.fr\\\/Blog\\\/#website\"},\"primaryImageOfPage\":{\"@id\":\"https:\\\/\\\/cargese-locations.fr\\\/Blog\\\/excursions-en-mer\\\/#primaryimage\"},\"image\":{\"@id\":\"https:\\\/\\\/cargese-locations.fr\\\/Blog\\\/excursions-en-mer\\\/#primaryimage\"},\"thumbnailUrl\":\"https:\\\/\\\/cargese-locations.fr\\\/Blog\\\/wp-content\\\/uploads\\\/2025\\\/01\\\/filanciu.webp\",\"datePublished\":\"2023-12-08T15:32:10+00:00\",\"dateModified\":\"2025-02-22T18:17:54+00:00\",\"description\":\"Pr\u00e9sentation des principales compagnies d'excursion en mer de Carg\u00e8se. contact, r\u00e9servation & sites web...\",\"inLanguage\":\"fr-FR\",\"potentialAction\":[{\"@type\":\"ReadAction\",\"target\":[\"https:\\\/\\\/cargese-locations.fr\\\/Blog\\\/excursions-en-mer\\\/\"]}]},{\"@type\":\"ImageObject\",\"inLanguage\":\"fr-FR\",\"@id\":\"https:\\\/\\\/cargese-locations.fr\\\/Blog\\\/excursions-en-mer\\\/#primaryimage\",\"url\":\"https:\\\/\\\/cargese-locations.fr\\\/Blog\\\/wp-content\\\/uploads\\\/2025\\\/01\\\/filanciu.webp\",\"contentUrl\":\"https:\\\/\\\/cargese-locations.fr\\\/Blog\\\/wp-content\\\/uploads\\\/2025\\\/01\\\/filanciu.webp\",\"width\":244,\"height\":99},{\"@type\":\"WebSite\",\"@id\":\"https:\\\/\\\/cargese-locations.fr\\\/Blog\\\/#website\",\"url\":\"https:\\\/\\\/cargese-locations.fr\\\/Blog\\\/\",\"name\":\"Tout ce qui est \u00e0 voir, \u00e0 savoir , \u00e0 faire et \u00e0 visiter, \u00e0 Carg\u00e8se.\",\"description\":\"Tout ce qu&#039;il y a, a voir, a savoir , a faire et a visiter, a Cargese et dans ses environs..\",\"publisher\":{\"@id\":\"https:\\\/\\\/cargese-locations.fr\\\/Blog\\\/#organization\"},\"potentialAction\":[{\"@type\":\"SearchAction\",\"target\":{\"@type\":\"EntryPoint\",\"urlTemplate\":\"https:\\\/\\\/cargese-locations.fr\\\/Blog\\\/?s={search_term_string}\"},\"query-input\":{\"@type\":\"PropertyValueSpecification\",\"valueRequired\":true,\"valueName\":\"search_term_string\"}}],\"inLanguage\":\"fr-FR\"},{\"@type\":\"Organization\",\"@id\":\"https:\\\/\\\/cargese-locations.fr\\\/Blog\\\/#organization\",\"name\":\"Tout ce qui est \u00e0 voir, \u00e0 savoir , \u00e0 faire et \u00e0 visiter, \u00e0 Carg\u00e8se.\",\"url\":\"https:\\\/\\\/cargese-locations.fr\\\/Blog\\\/\",\"logo\":{\"@type\":\"ImageObject\",\"inLanguage\":\"fr-FR\",\"@id\":\"https:\\\/\\\/cargese-locations.fr\\\/Blog\\\/#\\\/schema\\\/logo\\\/image\\\/\",\"url\":\"https:\\\/\\\/cargese-locations.fr\\\/Blog\\\/wp-content\\\/uploads\\\/2025\\\/02\\\/cropped-cropped-cropped-CargeseLoc-1.webp\",\"contentUrl\":\"https:\\\/\\\/cargese-locations.fr\\\/Blog\\\/wp-content\\\/uploads\\\/2025\\\/02\\\/cropped-cropped-cropped-CargeseLoc-1.webp\",\"width\":1100,\"height\":75,\"caption\":\"Tout ce qui est \u00e0 voir, \u00e0 savoir , \u00e0 faire et \u00e0 visiter, \u00e0 Carg\u00e8se.\"},\"image\":{\"@id\":\"https:\\\/\\\/cargese-locations.fr\\\/Blog\\\/#\\\/schema\\\/logo\\\/image\\\/\"},\"sameAs\":[\"https:\\\/\\\/www.facebook.com\\\/CargeseLocations\\\/\",\"https:\\\/\\\/www.instagram.com\\\/cargese_locations\\\/\",\"https:\\\/\\\/www.pinterest.fr\\\/cargeselocation\\\/\",\"https:\\\/\\\/www.youtube.com\\\/channel\\\/UCMycAdrV_YwTxfnOyaTw2CA\\\/\"]}]}<\/script>\n<!-- \/ Yoast SEO plugin. -->","yoast_head_json":{"title":"Excursions en mer \u00e0 Carg\u00e8se.","description":"Pr\u00e9sentation des principales compagnies d'excursion en mer de Carg\u00e8se. contact, r\u00e9servation & sites web...","robots":{"index":"index","follow":"nofollow","max-snippet":"max-snippet:-1","max-image-preview":"max-image-preview:large","max-video-preview":"max-video-preview:-1"},"canonical":"https:\/\/cargese-locations.fr\/Blog\/excursions-en-mer\/","og_locale":"fr_FR","og_type":"article","og_title":"Excursions en mer \u00e0 Carg\u00e8se.","og_description":"Pr\u00e9sentation des principales compagnies d'excursion en mer de Carg\u00e8se. contact, r\u00e9servation & sites web...","og_url":"https:\/\/cargese-locations.fr\/Blog\/excursions-en-mer\/","og_site_name":"Tout ce qui est \u00e0 voir, \u00e0 savoir , \u00e0 faire et \u00e0 visiter, \u00e0 Carg\u00e8se.","article_publisher":"https:\/\/www.facebook.com\/CargeseLocations\/","article_modified_time":"2025-02-22T18:17:54+00:00","og_image":[{"width":244,"height":99,"url":"https:\/\/cargese-locations.fr\/Blog\/wp-content\/uploads\/2025\/01\/filanciu.webp","type":"image\/webp"}],"twitter_card":"summary_large_image","twitter_misc":{"Dur\u00e9e de lecture estim\u00e9e":"3 minutes"},"schema":{"@context":"https:\/\/schema.org","@graph":[{"@type":"WebPage","@id":"https:\/\/cargese-locations.fr\/Blog\/excursions-en-mer\/","url":"https:\/\/cargese-locations.fr\/Blog\/excursions-en-mer\/","name":"Excursions en mer \u00e0 Carg\u00e8se.","isPartOf":{"@id":"https:\/\/cargese-locations.fr\/Blog\/#website"},"primaryImageOfPage":{"@id":"https:\/\/cargese-locations.fr\/Blog\/excursions-en-mer\/#primaryimage"},"image":{"@id":"https:\/\/cargese-locations.fr\/Blog\/excursions-en-mer\/#primaryimage"},"thumbnailUrl":"https:\/\/cargese-locations.fr\/Blog\/wp-content\/uploads\/2025\/01\/filanciu.webp","datePublished":"2023-12-08T15:32:10+00:00","dateModified":"2025-02-22T18:17:54+00:00","description":"Pr\u00e9sentation des principales compagnies d'excursion en mer de Carg\u00e8se. contact, r\u00e9servation & sites web...","inLanguage":"fr-FR","potentialAction":[{"@type":"ReadAction","target":["https:\/\/cargese-locations.fr\/Blog\/excursions-en-mer\/"]}]},{"@type":"ImageObject","inLanguage":"fr-FR","@id":"https:\/\/cargese-locations.fr\/Blog\/excursions-en-mer\/#primaryimage","url":"https:\/\/cargese-locations.fr\/Blog\/wp-content\/uploads\/2025\/01\/filanciu.webp","contentUrl":"https:\/\/cargese-locations.fr\/Blog\/wp-content\/uploads\/2025\/01\/filanciu.webp","width":244,"height":99},{"@type":"WebSite","@id":"https:\/\/cargese-locations.fr\/Blog\/#website","url":"https:\/\/cargese-locations.fr\/Blog\/","name":"Tout ce qui est \u00e0 voir, \u00e0 savoir , \u00e0 faire et \u00e0 visiter, \u00e0 Carg\u00e8se.","description":"Tout ce qu&#039;il y a, a voir, a savoir , a faire et a visiter, a Cargese et dans ses environs..","publisher":{"@id":"https:\/\/cargese-locations.fr\/Blog\/#organization"},"potentialAction":[{"@type":"SearchAction","target":{"@type":"EntryPoint","urlTemplate":"https:\/\/cargese-locations.fr\/Blog\/?s={search_term_string}"},"query-input":{"@type":"PropertyValueSpecification","valueRequired":true,"valueName":"search_term_string"}}],"inLanguage":"fr-FR"},{"@type":"Organization","@id":"https:\/\/cargese-locations.fr\/Blog\/#organization","name":"Tout ce qui est \u00e0 voir, \u00e0 savoir , \u00e0 faire et \u00e0 visiter, \u00e0 Carg\u00e8se.","url":"https:\/\/cargese-locations.fr\/Blog\/","logo":{"@type":"ImageObject","inLanguage":"fr-FR","@id":"https:\/\/cargese-locations.fr\/Blog\/#\/schema\/logo\/image\/","url":"https:\/\/cargese-locations.fr\/Blog\/wp-content\/uploads\/2025\/02\/cropped-cropped-cropped-CargeseLoc-1.webp","contentUrl":"https:\/\/cargese-locations.fr\/Blog\/wp-content\/uploads\/2025\/02\/cropped-cropped-cropped-CargeseLoc-1.webp","width":1100,"height":75,"caption":"Tout ce qui est \u00e0 voir, \u00e0 savoir , \u00e0 faire et \u00e0 visiter, \u00e0 Carg\u00e8se."},"image":{"@id":"https:\/\/cargese-locations.fr\/Blog\/#\/schema\/logo\/image\/"},"sameAs":["https:\/\/www.facebook.com\/CargeseLocations\/","https:\/\/www.instagram.com\/cargese_locations\/","https:\/\/www.pinterest.fr\/cargeselocation\/","https:\/\/www.youtube.com\/channel\/UCMycAdrV_YwTxfnOyaTw2CA\/"]}]}},"_links":{"self":[{"href":"https:\/\/cargese-locations.fr\/Blog\/wp-json\/wp\/v2\/pages\/2038","targetHints":{"allow":["GET"]}}],"collection":[{"href":"https:\/\/cargese-locations.fr\/Blog\/wp-json\/wp\/v2\/pages"}],"about":[{"href":"https:\/\/cargese-locations.fr\/Blog\/wp-json\/wp\/v2\/types\/page"}],"author":[{"embeddable":true,"href":"https:\/\/cargese-locations.fr\/Blog\/wp-json\/wp\/v2\/users\/1"}],"replies":[{"embeddable":true,"href":"https:\/\/cargese-locations.fr\/Blog\/wp-json\/wp\/v2\/comments?post=2038"}],"version-history":[{"count":37,"href":"https:\/\/cargese-locations.fr\/Blog\/wp-json\/wp\/v2\/pages\/2038\/revisions"}],"predecessor-version":[{"id":3162,"href":"https:\/\/cargese-locations.fr\/Blog\/wp-json\/wp\/v2\/pages\/2038\/revisions\/3162"}],"wp:attachment":[{"href":"https:\/\/cargese-locations.fr\/Blog\/wp-json\/wp\/v2\/media?parent=2038"}],"curies":[{"name":"wp","href":"https:\/\/api.w.org\/{rel}","templated":true}]}}