{"id":2044,"date":"2024-12-20T10:37:02","date_gmt":"2024-12-20T09:37:02","guid":{"rendered":"https:\/\/cargese-locations.fr\/Blog\/?page_id=2044"},"modified":"2025-02-22T19:24:18","modified_gmt":"2025-02-22T18:24:18","slug":"plongee-snorkeling","status":"publish","type":"page","link":"https:\/\/cargese-locations.fr\/Blog\/plongee-snorkeling\/","title":{"rendered":""},"content":{"rendered":"\n<h1 class=\"wp-block-heading\">Plong\u00e9e &amp; Snorkeling.<\/h1>\n\n\n\n<p><\/p>\n\n\n\n<figure class=\"wp-block-image size-full\"><a href=\"https:\/\/www.explorasub.fr\/\"><img loading=\"lazy\" decoding=\"async\" width=\"300\" height=\"50\" src=\"https:\/\/cargese-locations.fr\/Blog\/wp-content\/uploads\/2025\/01\/Explorasub.webp\" alt=\"\" class=\"wp-image-2922\"\/><\/a><\/figure>\n\n\n\n<h2 class=\"wp-block-heading has-medium-font-size\"><strong><a href=\"https:\/\/www.explorasub.fr\/\">.Explora<\/a><a href=\"https:\/\/www.explorasub.fr\/\" target=\"_blank\" rel=\"noreferrer noopener\">sub.<\/a><\/strong><\/h2>\n\n\n\n<p class=\"has-small-font-size\"><strong>L&rsquo;\u00e9quipe Explorasub vous souhaite la bienvenue, et esp\u00e8re vous recevoir bient\u00f4t dans son confortable centre de plong\u00e9e, cr\u00e9\u00e9 il y a 23 ans \u00e0 Carg\u00e8se &#8230;<\/strong><\/p>\n\n\n\n<p class=\"has-small-font-size\"><strong>Vous serez accueillis dans une ambiance chaleureuse et conviviale, anim\u00e9e par une \u00e9quipe de professionnels aimant transmettre et partager cette passion de la plong\u00e9e sous-marine avec bienveillance.<\/strong><\/p>\n\n\n\n<p class=\"has-small-font-size\"><strong>Venez plonger avec nous, et vous faire plaisir en toute s\u00e9curit\u00e9 \u00e0 l&rsquo;ouest de \u00ab\u00a0la plus proche des \u00eeles lointaines\u00a0\u00bb !<\/strong><\/p>\n\n\n\n<p class=\"has-medium-font-size\"><strong>Adresse: Port de Carg\u00e8se. 20130 Carg\u00e8se _  T\u00e9l. : +33(0)6 11 01 19 54<\/strong><\/p>\n\n\n\n<figure class=\"wp-block-embed is-type-video is-provider-youtube wp-block-embed-youtube wp-embed-aspect-16-9 wp-has-aspect-ratio\"><div class=\"wp-block-embed__wrapper\">\n<iframe loading=\"lazy\" title=\"PETITE SELECTION 2018\" width=\"720\" height=\"405\" src=\"https:\/\/www.youtube.com\/embed\/y3lM9dpBByo?feature=oembed\" frameborder=\"0\" allow=\"accelerometer; autoplay; clipboard-write; encrypted-media; gyroscope; picture-in-picture; web-share\" referrerpolicy=\"strict-origin-when-cross-origin\" allowfullscreen><\/iframe>\n<\/div><\/figure>\n\n\n\n<figure class=\"wp-block-image size-large\"><img decoding=\"async\" src=\"https:\/\/cargese-locations.fr\/Blog\/wp-content\/uploads\/2023\/10\/fond-2-1024x186.jpg\" alt=\"\" class=\"wp-image-2313\"\/><\/figure>\n\n\n\n<figure class=\"wp-block-image size-full\"><a href=\"https:\/\/www.cargese-snorkeling.com\/\"><img loading=\"lazy\" decoding=\"async\" width=\"200\" height=\"146\" src=\"https:\/\/cargese-locations.fr\/Blog\/wp-content\/uploads\/2025\/01\/logo-cargese-snorkeling.webp\" alt=\"\" class=\"wp-image-2963\"\/><\/a><\/figure>\n\n\n\n<h2 class=\"wp-block-heading has-medium-font-size\"><strong><a href=\"https:\/\/www.cargese-snorkeling.com\/\" target=\"_blank\" rel=\"noreferrer noopener\">.Carg\u00e8se Snorkeling.<\/a><\/strong><\/h2>\n\n\n\n<p class=\"has-small-font-size\"><strong>Carg\u00e8se snorkeling vous propose une randonn\u00e9e palm\u00e9e de 1h00 \u00e0 2h30 afin d\u2019observer au plus pr\u00e8s la faune et la flore sur aquatique. Marc Antoine, votre moniteur brevet\u00e9 d\u2019\u00e9tat sera l\u00e0 pour vous accompagner et vous fera partager sa passion de la faune et la flore. Des plaques immergeables vous seront fournies afin que vous puissiez reconnaitre les esp\u00e8ces sous l&rsquo;eau.<\/strong><\/p>\n\n\n\n<p class=\"has-medium-font-size\"><br><strong>Adresse: Port de Plaisance20130 Carg\u00e8se _ Tel: <a href=\"tel:07 84 83 29 46\">07 84 83 29 46<\/a> _ <a href=\"mail:contact@cargese-croisieres.com\">contact@cargese-croisieres.com<\/a><\/strong><\/p>\n\n\n\n<figure class=\"wp-block-embed is-type-video is-provider-youtube wp-block-embed-youtube wp-embed-aspect-16-9 wp-has-aspect-ratio\"><div class=\"wp-block-embed__wrapper\">\n<iframe loading=\"lazy\" title=\"Le temps d\u2019une baignade avec cargese croisi\u00e8res dans les calanques de piana\" width=\"720\" height=\"405\" src=\"https:\/\/www.youtube.com\/embed\/4GS0wwFZtwk?feature=oembed\" frameborder=\"0\" allow=\"accelerometer; autoplay; clipboard-write; encrypted-media; gyroscope; picture-in-picture; web-share\" referrerpolicy=\"strict-origin-when-cross-origin\" allowfullscreen><\/iframe>\n<\/div><\/figure>\n","protected":false},"excerpt":{"rendered":"<p>Plong\u00e9e &amp; Snorkeling. .Explorasub. L&rsquo;\u00e9quipe Explorasub vous souhaite la bienvenue, et esp\u00e8re vous recevoir bient\u00f4t dans son confortable centre de plong\u00e9e, cr\u00e9\u00e9 il y a 23 ans \u00e0 Carg\u00e8se &#8230; Vous serez accueillis dans une ambiance chaleureuse et conviviale, anim\u00e9e par une \u00e9quipe de professionnels aimant transmettre et partager cette passion de la plong\u00e9e sous-marine&#8230;<\/p>\n","protected":false},"author":1,"featured_media":0,"parent":0,"menu_order":0,"comment_status":"closed","ping_status":"closed","template":"","meta":{"_kad_post_transparent":"","_kad_post_title":"","_kad_post_layout":"","_kad_post_sidebar_id":"","_kad_post_content_style":"","_kad_post_vertical_padding":"","_kad_post_feature":"","_kad_post_feature_position":"","_kad_post_header":false,"_kad_post_footer":false,"_kad_post_classname":"","footnotes":""},"class_list":["post-2044","page","type-page","status-publish","hentry"],"yoast_head":"<!-- This site is optimized with the Yoast SEO plugin v27.3 - https:\/\/yoast.com\/product\/yoast-seo-wordpress\/ -->\n<title>Plong\u00e9e et snorkeling.<\/title>\n<meta name=\"robots\" content=\"index, nofollow, max-snippet:-1, max-image-preview:large, max-video-preview:-1\" \/>\n<link rel=\"canonical\" href=\"https:\/\/cargese-locations.fr\/Blog\/plongee-snorkeling\/\" \/>\n<meta property=\"og:locale\" content=\"fr_FR\" \/>\n<meta property=\"og:type\" content=\"article\" \/>\n<meta property=\"og:title\" content=\"Plong\u00e9e et snorkeling.\" \/>\n<meta property=\"og:description\" content=\"Plong\u00e9e &amp; Snorkeling. .Explorasub. L&rsquo;\u00e9quipe Explorasub vous souhaite la bienvenue, et esp\u00e8re vous recevoir bient\u00f4t dans son confortable centre de plong\u00e9e, cr\u00e9\u00e9 il y a 23 ans \u00e0 Carg\u00e8se &#8230; Vous serez accueillis dans une ambiance chaleureuse et conviviale, anim\u00e9e par une \u00e9quipe de professionnels aimant transmettre et partager cette passion de la plong\u00e9e sous-marine...\" \/>\n<meta property=\"og:url\" content=\"https:\/\/cargese-locations.fr\/Blog\/plongee-snorkeling\/\" \/>\n<meta property=\"og:site_name\" content=\"Tout ce qui est \u00e0 voir, \u00e0 savoir , \u00e0 faire et \u00e0 visiter, \u00e0 Carg\u00e8se.\" \/>\n<meta property=\"article:publisher\" content=\"https:\/\/www.facebook.com\/CargeseLocations\/\" \/>\n<meta property=\"article:modified_time\" content=\"2025-02-22T18:24:18+00:00\" \/>\n<meta property=\"og:image\" content=\"https:\/\/cargese-locations.fr\/Blog\/wp-content\/uploads\/2025\/01\/Explorasub.webp\" \/>\n\t<meta property=\"og:image:width\" content=\"300\" \/>\n\t<meta property=\"og:image:height\" content=\"50\" \/>\n\t<meta property=\"og:image:type\" content=\"image\/webp\" \/>\n<meta name=\"twitter:card\" content=\"summary_large_image\" \/>\n<meta name=\"twitter:label1\" content=\"Dur\u00e9e de lecture estim\u00e9e\" \/>\n\t<meta name=\"twitter:data1\" content=\"2 minutes\" \/>\n<script type=\"application\/ld+json\" class=\"yoast-schema-graph\">{\"@context\":\"https:\\\/\\\/schema.org\",\"@graph\":[{\"@type\":\"WebPage\",\"@id\":\"https:\\\/\\\/cargese-locations.fr\\\/Blog\\\/plongee-snorkeling\\\/\",\"url\":\"https:\\\/\\\/cargese-locations.fr\\\/Blog\\\/plongee-snorkeling\\\/\",\"name\":\"Plong\u00e9e et snorkeling.\",\"isPartOf\":{\"@id\":\"https:\\\/\\\/cargese-locations.fr\\\/Blog\\\/#website\"},\"primaryImageOfPage\":{\"@id\":\"https:\\\/\\\/cargese-locations.fr\\\/Blog\\\/plongee-snorkeling\\\/#primaryimage\"},\"image\":{\"@id\":\"https:\\\/\\\/cargese-locations.fr\\\/Blog\\\/plongee-snorkeling\\\/#primaryimage\"},\"thumbnailUrl\":\"https:\\\/\\\/cargese-locations.fr\\\/Blog\\\/wp-content\\\/uploads\\\/2025\\\/01\\\/Explorasub.webp\",\"datePublished\":\"2024-12-20T09:37:02+00:00\",\"dateModified\":\"2025-02-22T18:24:18+00:00\",\"inLanguage\":\"fr-FR\",\"potentialAction\":[{\"@type\":\"ReadAction\",\"target\":[\"https:\\\/\\\/cargese-locations.fr\\\/Blog\\\/plongee-snorkeling\\\/\"]}]},{\"@type\":\"ImageObject\",\"inLanguage\":\"fr-FR\",\"@id\":\"https:\\\/\\\/cargese-locations.fr\\\/Blog\\\/plongee-snorkeling\\\/#primaryimage\",\"url\":\"https:\\\/\\\/cargese-locations.fr\\\/Blog\\\/wp-content\\\/uploads\\\/2025\\\/01\\\/Explorasub.webp\",\"contentUrl\":\"https:\\\/\\\/cargese-locations.fr\\\/Blog\\\/wp-content\\\/uploads\\\/2025\\\/01\\\/Explorasub.webp\",\"width\":300,\"height\":50},{\"@type\":\"WebSite\",\"@id\":\"https:\\\/\\\/cargese-locations.fr\\\/Blog\\\/#website\",\"url\":\"https:\\\/\\\/cargese-locations.fr\\\/Blog\\\/\",\"name\":\"Tout ce qui est \u00e0 voir, \u00e0 savoir , \u00e0 faire et \u00e0 visiter, \u00e0 Carg\u00e8se.\",\"description\":\"Tout ce qu&#039;il y a, a voir, a savoir , a faire et a visiter, a Cargese et dans ses environs..\",\"publisher\":{\"@id\":\"https:\\\/\\\/cargese-locations.fr\\\/Blog\\\/#organization\"},\"potentialAction\":[{\"@type\":\"SearchAction\",\"target\":{\"@type\":\"EntryPoint\",\"urlTemplate\":\"https:\\\/\\\/cargese-locations.fr\\\/Blog\\\/?s={search_term_string}\"},\"query-input\":{\"@type\":\"PropertyValueSpecification\",\"valueRequired\":true,\"valueName\":\"search_term_string\"}}],\"inLanguage\":\"fr-FR\"},{\"@type\":\"Organization\",\"@id\":\"https:\\\/\\\/cargese-locations.fr\\\/Blog\\\/#organization\",\"name\":\"Tout ce qui est \u00e0 voir, \u00e0 savoir , \u00e0 faire et \u00e0 visiter, \u00e0 Carg\u00e8se.\",\"url\":\"https:\\\/\\\/cargese-locations.fr\\\/Blog\\\/\",\"logo\":{\"@type\":\"ImageObject\",\"inLanguage\":\"fr-FR\",\"@id\":\"https:\\\/\\\/cargese-locations.fr\\\/Blog\\\/#\\\/schema\\\/logo\\\/image\\\/\",\"url\":\"https:\\\/\\\/cargese-locations.fr\\\/Blog\\\/wp-content\\\/uploads\\\/2025\\\/02\\\/cropped-cropped-cropped-CargeseLoc-1.webp\",\"contentUrl\":\"https:\\\/\\\/cargese-locations.fr\\\/Blog\\\/wp-content\\\/uploads\\\/2025\\\/02\\\/cropped-cropped-cropped-CargeseLoc-1.webp\",\"width\":1100,\"height\":75,\"caption\":\"Tout ce qui est \u00e0 voir, \u00e0 savoir , \u00e0 faire et \u00e0 visiter, \u00e0 Carg\u00e8se.\"},\"image\":{\"@id\":\"https:\\\/\\\/cargese-locations.fr\\\/Blog\\\/#\\\/schema\\\/logo\\\/image\\\/\"},\"sameAs\":[\"https:\\\/\\\/www.facebook.com\\\/CargeseLocations\\\/\",\"https:\\\/\\\/www.instagram.com\\\/cargese_locations\\\/\",\"https:\\\/\\\/www.pinterest.fr\\\/cargeselocation\\\/\",\"https:\\\/\\\/www.youtube.com\\\/channel\\\/UCMycAdrV_YwTxfnOyaTw2CA\\\/\"]}]}<\/script>\n<!-- \/ Yoast SEO plugin. -->","yoast_head_json":{"title":"Plong\u00e9e et snorkeling.","robots":{"index":"index","follow":"nofollow","max-snippet":"max-snippet:-1","max-image-preview":"max-image-preview:large","max-video-preview":"max-video-preview:-1"},"canonical":"https:\/\/cargese-locations.fr\/Blog\/plongee-snorkeling\/","og_locale":"fr_FR","og_type":"article","og_title":"Plong\u00e9e et snorkeling.","og_description":"Plong\u00e9e &amp; Snorkeling. .Explorasub. L&rsquo;\u00e9quipe Explorasub vous souhaite la bienvenue, et esp\u00e8re vous recevoir bient\u00f4t dans son confortable centre de plong\u00e9e, cr\u00e9\u00e9 il y a 23 ans \u00e0 Carg\u00e8se &#8230; Vous serez accueillis dans une ambiance chaleureuse et conviviale, anim\u00e9e par une \u00e9quipe de professionnels aimant transmettre et partager cette passion de la plong\u00e9e sous-marine...","og_url":"https:\/\/cargese-locations.fr\/Blog\/plongee-snorkeling\/","og_site_name":"Tout ce qui est \u00e0 voir, \u00e0 savoir , \u00e0 faire et \u00e0 visiter, \u00e0 Carg\u00e8se.","article_publisher":"https:\/\/www.facebook.com\/CargeseLocations\/","article_modified_time":"2025-02-22T18:24:18+00:00","og_image":[{"width":300,"height":50,"url":"https:\/\/cargese-locations.fr\/Blog\/wp-content\/uploads\/2025\/01\/Explorasub.webp","type":"image\/webp"}],"twitter_card":"summary_large_image","twitter_misc":{"Dur\u00e9e de lecture estim\u00e9e":"2 minutes"},"schema":{"@context":"https:\/\/schema.org","@graph":[{"@type":"WebPage","@id":"https:\/\/cargese-locations.fr\/Blog\/plongee-snorkeling\/","url":"https:\/\/cargese-locations.fr\/Blog\/plongee-snorkeling\/","name":"Plong\u00e9e et snorkeling.","isPartOf":{"@id":"https:\/\/cargese-locations.fr\/Blog\/#website"},"primaryImageOfPage":{"@id":"https:\/\/cargese-locations.fr\/Blog\/plongee-snorkeling\/#primaryimage"},"image":{"@id":"https:\/\/cargese-locations.fr\/Blog\/plongee-snorkeling\/#primaryimage"},"thumbnailUrl":"https:\/\/cargese-locations.fr\/Blog\/wp-content\/uploads\/2025\/01\/Explorasub.webp","datePublished":"2024-12-20T09:37:02+00:00","dateModified":"2025-02-22T18:24:18+00:00","inLanguage":"fr-FR","potentialAction":[{"@type":"ReadAction","target":["https:\/\/cargese-locations.fr\/Blog\/plongee-snorkeling\/"]}]},{"@type":"ImageObject","inLanguage":"fr-FR","@id":"https:\/\/cargese-locations.fr\/Blog\/plongee-snorkeling\/#primaryimage","url":"https:\/\/cargese-locations.fr\/Blog\/wp-content\/uploads\/2025\/01\/Explorasub.webp","contentUrl":"https:\/\/cargese-locations.fr\/Blog\/wp-content\/uploads\/2025\/01\/Explorasub.webp","width":300,"height":50},{"@type":"WebSite","@id":"https:\/\/cargese-locations.fr\/Blog\/#website","url":"https:\/\/cargese-locations.fr\/Blog\/","name":"Tout ce qui est \u00e0 voir, \u00e0 savoir , \u00e0 faire et \u00e0 visiter, \u00e0 Carg\u00e8se.","description":"Tout ce qu&#039;il y a, a voir, a savoir , a faire et a visiter, a Cargese et dans ses environs..","publisher":{"@id":"https:\/\/cargese-locations.fr\/Blog\/#organization"},"potentialAction":[{"@type":"SearchAction","target":{"@type":"EntryPoint","urlTemplate":"https:\/\/cargese-locations.fr\/Blog\/?s={search_term_string}"},"query-input":{"@type":"PropertyValueSpecification","valueRequired":true,"valueName":"search_term_string"}}],"inLanguage":"fr-FR"},{"@type":"Organization","@id":"https:\/\/cargese-locations.fr\/Blog\/#organization","name":"Tout ce qui est \u00e0 voir, \u00e0 savoir , \u00e0 faire et \u00e0 visiter, \u00e0 Carg\u00e8se.","url":"https:\/\/cargese-locations.fr\/Blog\/","logo":{"@type":"ImageObject","inLanguage":"fr-FR","@id":"https:\/\/cargese-locations.fr\/Blog\/#\/schema\/logo\/image\/","url":"https:\/\/cargese-locations.fr\/Blog\/wp-content\/uploads\/2025\/02\/cropped-cropped-cropped-CargeseLoc-1.webp","contentUrl":"https:\/\/cargese-locations.fr\/Blog\/wp-content\/uploads\/2025\/02\/cropped-cropped-cropped-CargeseLoc-1.webp","width":1100,"height":75,"caption":"Tout ce qui est \u00e0 voir, \u00e0 savoir , \u00e0 faire et \u00e0 visiter, \u00e0 Carg\u00e8se."},"image":{"@id":"https:\/\/cargese-locations.fr\/Blog\/#\/schema\/logo\/image\/"},"sameAs":["https:\/\/www.facebook.com\/CargeseLocations\/","https:\/\/www.instagram.com\/cargese_locations\/","https:\/\/www.pinterest.fr\/cargeselocation\/","https:\/\/www.youtube.com\/channel\/UCMycAdrV_YwTxfnOyaTw2CA\/"]}]}},"_links":{"self":[{"href":"https:\/\/cargese-locations.fr\/Blog\/wp-json\/wp\/v2\/pages\/2044","targetHints":{"allow":["GET"]}}],"collection":[{"href":"https:\/\/cargese-locations.fr\/Blog\/wp-json\/wp\/v2\/pages"}],"about":[{"href":"https:\/\/cargese-locations.fr\/Blog\/wp-json\/wp\/v2\/types\/page"}],"author":[{"embeddable":true,"href":"https:\/\/cargese-locations.fr\/Blog\/wp-json\/wp\/v2\/users\/1"}],"replies":[{"embeddable":true,"href":"https:\/\/cargese-locations.fr\/Blog\/wp-json\/wp\/v2\/comments?post=2044"}],"version-history":[{"count":23,"href":"https:\/\/cargese-locations.fr\/Blog\/wp-json\/wp\/v2\/pages\/2044\/revisions"}],"predecessor-version":[{"id":3170,"href":"https:\/\/cargese-locations.fr\/Blog\/wp-json\/wp\/v2\/pages\/2044\/revisions\/3170"}],"wp:attachment":[{"href":"https:\/\/cargese-locations.fr\/Blog\/wp-json\/wp\/v2\/media?parent=2044"}],"curies":[{"name":"wp","href":"https:\/\/api.w.org\/{rel}","templated":true}]}}