{"id":2050,"date":"2023-12-08T16:34:26","date_gmt":"2023-12-08T15:34:26","guid":{"rendered":"https:\/\/cargese-locations.fr\/Blog\/?page_id=2050"},"modified":"2025-02-14T19:55:58","modified_gmt":"2025-02-14T18:55:58","slug":"balades-en-vtt","status":"publish","type":"page","link":"https:\/\/cargese-locations.fr\/Blog\/balades-en-vtt\/","title":{"rendered":". \u00ab\u00a0A Spassu\u00a0\u00bb. randonn\u00e9es Trottinetes electriques."},"content":{"rendered":"\n<p class=\"has-small-font-size\"><strong>A Spassu, c&rsquo;est le prestataire de choix pour une randonn\u00e9e en fat bike \u00e9lectrique sur la c\u00f4te ouest de l&rsquo;\u00eele de Beaut\u00e9 !<\/strong><\/p>\n\n\n\n<p class=\"has-small-font-size\"><strong>Soci\u00e9t\u00e9 install\u00e9e \u00e0 Carg\u00e8se,\u00a0entre Piana et Ajaccio, A Spassu a \u00e9t\u00e9 fond\u00e9e\u00a0par Joseph Canu, un passionn\u00e9 de VTT. Son ambition\u00a0? Vous faire d\u00e9couvrir la r\u00e9gion d&rsquo;Ajaccio autrement gr\u00e2ce \u00e0 la trottinette \u00e9lectrique tout terrain, permettant de r\u00e9aliser des randonn\u00e9es tout en confort.\u00a0<\/strong><\/p>\n\n\n\n<p class=\"has-small-font-size\"><strong>Le confort, la s\u00e9curit\u00e9 et l&rsquo;accessibilit\u00e9 \u00e9tant les ma\u00eetres mots de Joseph, A Spassu poss\u00e8de un parc de v\u00e9los derniers cris de taille S \u00e0 L, confortables et \u00e9lectriques s&rsquo;adaptant aux petits et grands.<\/strong><\/p>\n\n\n\n<p class=\"has-medium-font-size\"><strong>Contact: Joseph &#8211; Tel: 06.49.22.25.83   _  Port de Carg\u00e8se.<\/strong>  _  <em><strong>a.spassu@gmail.com<\/strong><\/em><\/p>\n\n\n\n<p><\/p>\n\n\n\n<figure class=\"wp-block-embed is-type-video is-provider-youtube wp-block-embed-youtube wp-embed-aspect-16-9 wp-has-aspect-ratio\"><div class=\"wp-block-embed__wrapper\">\n<iframe loading=\"lazy\" title=\"A Spassu Randonn\u00e9e VTT\" width=\"720\" height=\"405\" src=\"https:\/\/www.youtube.com\/embed\/9zMosc7ssOU?feature=oembed\" frameborder=\"0\" allow=\"accelerometer; autoplay; clipboard-write; encrypted-media; gyroscope; picture-in-picture; web-share\" referrerpolicy=\"strict-origin-when-cross-origin\" allowfullscreen><\/iframe>\n<\/div><\/figure>\n\n\n","protected":false},"excerpt":{"rendered":"<p>A Spassu, c&rsquo;est le prestataire de choix pour une randonn\u00e9e en fat bike \u00e9lectrique sur la c\u00f4te ouest de l&rsquo;\u00eele de Beaut\u00e9 ! Soci\u00e9t\u00e9 install\u00e9e \u00e0 Carg\u00e8se,\u00a0entre Piana et Ajaccio, A Spassu a \u00e9t\u00e9 fond\u00e9e\u00a0par Joseph Canu, un passionn\u00e9 de VTT. Son ambition\u00a0? Vous faire d\u00e9couvrir la r\u00e9gion d&rsquo;Ajaccio autrement gr\u00e2ce \u00e0 la trottinette \u00e9lectrique&#8230;<\/p>\n","protected":false},"author":1,"featured_media":0,"parent":0,"menu_order":0,"comment_status":"closed","ping_status":"closed","template":"","meta":{"_kad_post_transparent":"","_kad_post_title":"","_kad_post_layout":"","_kad_post_sidebar_id":"","_kad_post_content_style":"","_kad_post_vertical_padding":"","_kad_post_feature":"","_kad_post_feature_position":"","_kad_post_header":false,"_kad_post_footer":false,"_kad_post_classname":"","footnotes":""},"class_list":["post-2050","page","type-page","status-publish","hentry"],"yoast_head":"<!-- This site is optimized with the Yoast SEO plugin v27.4 - https:\/\/yoast.com\/product\/yoast-seo-wordpress\/ -->\n<title>A Spassu rando.<\/title>\n<meta name=\"description\" content=\"Randonn\u00e9es, ballades en VTT fat-bikes \u00e9lectriques \u00e0 Carg\u00e8se.\" \/>\n<meta name=\"robots\" content=\"index, follow, max-snippet:-1, max-image-preview:large, max-video-preview:-1\" \/>\n<link rel=\"canonical\" href=\"https:\/\/cargese-locations.fr\/Blog\/balades-en-vtt\/\" \/>\n<meta property=\"og:locale\" content=\"fr_FR\" \/>\n<meta property=\"og:type\" content=\"article\" \/>\n<meta property=\"og:title\" content=\"A Spassu rando.\" \/>\n<meta property=\"og:description\" content=\"Randonn\u00e9es, ballades en VTT fat-bikes \u00e9lectriques \u00e0 Carg\u00e8se.\" \/>\n<meta property=\"og:url\" content=\"https:\/\/cargese-locations.fr\/Blog\/balades-en-vtt\/\" \/>\n<meta property=\"og:site_name\" content=\"Tout ce qui est \u00e0 voir, \u00e0 savoir , \u00e0 faire et \u00e0 visiter, \u00e0 Carg\u00e8se.\" \/>\n<meta property=\"article:publisher\" content=\"https:\/\/www.facebook.com\/CargeseLocations\/\" \/>\n<meta property=\"article:modified_time\" content=\"2025-02-14T18:55:58+00:00\" \/>\n<meta name=\"twitter:card\" content=\"summary_large_image\" \/>\n<meta name=\"twitter:label1\" content=\"Dur\u00e9e de lecture estim\u00e9e\" \/>\n\t<meta name=\"twitter:data1\" content=\"1 minute\" \/>\n<script type=\"application\/ld+json\" class=\"yoast-schema-graph\">{\"@context\":\"https:\\\/\\\/schema.org\",\"@graph\":[{\"@type\":\"WebPage\",\"@id\":\"https:\\\/\\\/cargese-locations.fr\\\/Blog\\\/balades-en-vtt\\\/\",\"url\":\"https:\\\/\\\/cargese-locations.fr\\\/Blog\\\/balades-en-vtt\\\/\",\"name\":\"A Spassu rando.\",\"isPartOf\":{\"@id\":\"https:\\\/\\\/cargese-locations.fr\\\/Blog\\\/#website\"},\"datePublished\":\"2023-12-08T15:34:26+00:00\",\"dateModified\":\"2025-02-14T18:55:58+00:00\",\"description\":\"Randonn\u00e9es, ballades en VTT fat-bikes \u00e9lectriques \u00e0 Carg\u00e8se.\",\"breadcrumb\":{\"@id\":\"https:\\\/\\\/cargese-locations.fr\\\/Blog\\\/balades-en-vtt\\\/#breadcrumb\"},\"inLanguage\":\"fr-FR\",\"potentialAction\":[{\"@type\":\"ReadAction\",\"target\":[\"https:\\\/\\\/cargese-locations.fr\\\/Blog\\\/balades-en-vtt\\\/\"]}]},{\"@type\":\"BreadcrumbList\",\"@id\":\"https:\\\/\\\/cargese-locations.fr\\\/Blog\\\/balades-en-vtt\\\/#breadcrumb\",\"itemListElement\":[{\"@type\":\"ListItem\",\"position\":1,\"name\":\"Accueil\",\"item\":\"https:\\\/\\\/cargese-locations.fr\\\/Blog\\\/\"},{\"@type\":\"ListItem\",\"position\":2,\"name\":\". \u00ab\u00a0A Spassu\u00a0\u00bb. randonn\u00e9es Trottinetes electriques.\"}]},{\"@type\":\"WebSite\",\"@id\":\"https:\\\/\\\/cargese-locations.fr\\\/Blog\\\/#website\",\"url\":\"https:\\\/\\\/cargese-locations.fr\\\/Blog\\\/\",\"name\":\"Tout ce qui est \u00e0 voir, \u00e0 savoir , \u00e0 faire et \u00e0 visiter, \u00e0 Carg\u00e8se.\",\"description\":\"Tout ce qu&#039;il y a, a voir, a savoir , a faire et a visiter, a Cargese et dans ses environs..\",\"publisher\":{\"@id\":\"https:\\\/\\\/cargese-locations.fr\\\/Blog\\\/#organization\"},\"potentialAction\":[{\"@type\":\"SearchAction\",\"target\":{\"@type\":\"EntryPoint\",\"urlTemplate\":\"https:\\\/\\\/cargese-locations.fr\\\/Blog\\\/?s={search_term_string}\"},\"query-input\":{\"@type\":\"PropertyValueSpecification\",\"valueRequired\":true,\"valueName\":\"search_term_string\"}}],\"inLanguage\":\"fr-FR\"},{\"@type\":\"Organization\",\"@id\":\"https:\\\/\\\/cargese-locations.fr\\\/Blog\\\/#organization\",\"name\":\"Tout ce qui est \u00e0 voir, \u00e0 savoir , \u00e0 faire et \u00e0 visiter, \u00e0 Carg\u00e8se.\",\"url\":\"https:\\\/\\\/cargese-locations.fr\\\/Blog\\\/\",\"logo\":{\"@type\":\"ImageObject\",\"inLanguage\":\"fr-FR\",\"@id\":\"https:\\\/\\\/cargese-locations.fr\\\/Blog\\\/#\\\/schema\\\/logo\\\/image\\\/\",\"url\":\"https:\\\/\\\/cargese-locations.fr\\\/Blog\\\/wp-content\\\/uploads\\\/2025\\\/02\\\/cropped-cropped-cropped-CargeseLoc-1.webp\",\"contentUrl\":\"https:\\\/\\\/cargese-locations.fr\\\/Blog\\\/wp-content\\\/uploads\\\/2025\\\/02\\\/cropped-cropped-cropped-CargeseLoc-1.webp\",\"width\":1100,\"height\":75,\"caption\":\"Tout ce qui est \u00e0 voir, \u00e0 savoir , \u00e0 faire et \u00e0 visiter, \u00e0 Carg\u00e8se.\"},\"image\":{\"@id\":\"https:\\\/\\\/cargese-locations.fr\\\/Blog\\\/#\\\/schema\\\/logo\\\/image\\\/\"},\"sameAs\":[\"https:\\\/\\\/www.facebook.com\\\/CargeseLocations\\\/\",\"https:\\\/\\\/www.instagram.com\\\/cargese_locations\\\/\",\"https:\\\/\\\/www.pinterest.fr\\\/cargeselocation\\\/\",\"https:\\\/\\\/www.youtube.com\\\/channel\\\/UCMycAdrV_YwTxfnOyaTw2CA\\\/\"]}]}<\/script>\n<!-- \/ Yoast SEO plugin. -->","yoast_head_json":{"title":"A Spassu rando.","description":"Randonn\u00e9es, ballades en VTT fat-bikes \u00e9lectriques \u00e0 Carg\u00e8se.","robots":{"index":"index","follow":"follow","max-snippet":"max-snippet:-1","max-image-preview":"max-image-preview:large","max-video-preview":"max-video-preview:-1"},"canonical":"https:\/\/cargese-locations.fr\/Blog\/balades-en-vtt\/","og_locale":"fr_FR","og_type":"article","og_title":"A Spassu rando.","og_description":"Randonn\u00e9es, ballades en VTT fat-bikes \u00e9lectriques \u00e0 Carg\u00e8se.","og_url":"https:\/\/cargese-locations.fr\/Blog\/balades-en-vtt\/","og_site_name":"Tout ce qui est \u00e0 voir, \u00e0 savoir , \u00e0 faire et \u00e0 visiter, \u00e0 Carg\u00e8se.","article_publisher":"https:\/\/www.facebook.com\/CargeseLocations\/","article_modified_time":"2025-02-14T18:55:58+00:00","twitter_card":"summary_large_image","twitter_misc":{"Dur\u00e9e de lecture estim\u00e9e":"1 minute"},"schema":{"@context":"https:\/\/schema.org","@graph":[{"@type":"WebPage","@id":"https:\/\/cargese-locations.fr\/Blog\/balades-en-vtt\/","url":"https:\/\/cargese-locations.fr\/Blog\/balades-en-vtt\/","name":"A Spassu rando.","isPartOf":{"@id":"https:\/\/cargese-locations.fr\/Blog\/#website"},"datePublished":"2023-12-08T15:34:26+00:00","dateModified":"2025-02-14T18:55:58+00:00","description":"Randonn\u00e9es, ballades en VTT fat-bikes \u00e9lectriques \u00e0 Carg\u00e8se.","breadcrumb":{"@id":"https:\/\/cargese-locations.fr\/Blog\/balades-en-vtt\/#breadcrumb"},"inLanguage":"fr-FR","potentialAction":[{"@type":"ReadAction","target":["https:\/\/cargese-locations.fr\/Blog\/balades-en-vtt\/"]}]},{"@type":"BreadcrumbList","@id":"https:\/\/cargese-locations.fr\/Blog\/balades-en-vtt\/#breadcrumb","itemListElement":[{"@type":"ListItem","position":1,"name":"Accueil","item":"https:\/\/cargese-locations.fr\/Blog\/"},{"@type":"ListItem","position":2,"name":". \u00ab\u00a0A Spassu\u00a0\u00bb. randonn\u00e9es Trottinetes electriques."}]},{"@type":"WebSite","@id":"https:\/\/cargese-locations.fr\/Blog\/#website","url":"https:\/\/cargese-locations.fr\/Blog\/","name":"Tout ce qui est \u00e0 voir, \u00e0 savoir , \u00e0 faire et \u00e0 visiter, \u00e0 Carg\u00e8se.","description":"Tout ce qu&#039;il y a, a voir, a savoir , a faire et a visiter, a Cargese et dans ses environs..","publisher":{"@id":"https:\/\/cargese-locations.fr\/Blog\/#organization"},"potentialAction":[{"@type":"SearchAction","target":{"@type":"EntryPoint","urlTemplate":"https:\/\/cargese-locations.fr\/Blog\/?s={search_term_string}"},"query-input":{"@type":"PropertyValueSpecification","valueRequired":true,"valueName":"search_term_string"}}],"inLanguage":"fr-FR"},{"@type":"Organization","@id":"https:\/\/cargese-locations.fr\/Blog\/#organization","name":"Tout ce qui est \u00e0 voir, \u00e0 savoir , \u00e0 faire et \u00e0 visiter, \u00e0 Carg\u00e8se.","url":"https:\/\/cargese-locations.fr\/Blog\/","logo":{"@type":"ImageObject","inLanguage":"fr-FR","@id":"https:\/\/cargese-locations.fr\/Blog\/#\/schema\/logo\/image\/","url":"https:\/\/cargese-locations.fr\/Blog\/wp-content\/uploads\/2025\/02\/cropped-cropped-cropped-CargeseLoc-1.webp","contentUrl":"https:\/\/cargese-locations.fr\/Blog\/wp-content\/uploads\/2025\/02\/cropped-cropped-cropped-CargeseLoc-1.webp","width":1100,"height":75,"caption":"Tout ce qui est \u00e0 voir, \u00e0 savoir , \u00e0 faire et \u00e0 visiter, \u00e0 Carg\u00e8se."},"image":{"@id":"https:\/\/cargese-locations.fr\/Blog\/#\/schema\/logo\/image\/"},"sameAs":["https:\/\/www.facebook.com\/CargeseLocations\/","https:\/\/www.instagram.com\/cargese_locations\/","https:\/\/www.pinterest.fr\/cargeselocation\/","https:\/\/www.youtube.com\/channel\/UCMycAdrV_YwTxfnOyaTw2CA\/"]}]}},"_links":{"self":[{"href":"https:\/\/cargese-locations.fr\/Blog\/wp-json\/wp\/v2\/pages\/2050","targetHints":{"allow":["GET"]}}],"collection":[{"href":"https:\/\/cargese-locations.fr\/Blog\/wp-json\/wp\/v2\/pages"}],"about":[{"href":"https:\/\/cargese-locations.fr\/Blog\/wp-json\/wp\/v2\/types\/page"}],"author":[{"embeddable":true,"href":"https:\/\/cargese-locations.fr\/Blog\/wp-json\/wp\/v2\/users\/1"}],"replies":[{"embeddable":true,"href":"https:\/\/cargese-locations.fr\/Blog\/wp-json\/wp\/v2\/comments?post=2050"}],"version-history":[{"count":10,"href":"https:\/\/cargese-locations.fr\/Blog\/wp-json\/wp\/v2\/pages\/2050\/revisions"}],"predecessor-version":[{"id":3031,"href":"https:\/\/cargese-locations.fr\/Blog\/wp-json\/wp\/v2\/pages\/2050\/revisions\/3031"}],"wp:attachment":[{"href":"https:\/\/cargese-locations.fr\/Blog\/wp-json\/wp\/v2\/media?parent=2050"}],"curies":[{"name":"wp","href":"https:\/\/api.w.org\/{rel}","templated":true}]}}