{"id":2053,"date":"2023-12-08T16:30:55","date_gmt":"2023-12-08T15:30:55","guid":{"rendered":"https:\/\/cargese-locations.fr\/Blog\/?page_id=2053"},"modified":"2025-02-22T19:20:27","modified_gmt":"2025-02-22T18:20:27","slug":"location-de-bateaux-jetski","status":"publish","type":"page","link":"https:\/\/cargese-locations.fr\/Blog\/location-de-bateaux-jetski\/","title":{"rendered":""},"content":{"rendered":"\n<h1 class=\"wp-block-heading\">.Location de bateaux et Jet-Ski.<\/h1>\n\n\n\n<figure class=\"wp-block-image size-thumbnail is-resized\"><img loading=\"lazy\" decoding=\"async\" width=\"150\" height=\"150\" src=\"https:\/\/cargese-locations.fr\/Blog\/wp-content\/uploads\/2025\/01\/NauticEvasion-150x150.webp\" alt=\"\" class=\"wp-image-2924\" style=\"width:250px\"\/><\/figure>\n\n\n\n<p class=\"has-medium-font-size\"><a href=\"https:\/\/www.nautic-evasion.fr\/\" target=\"_blank\" rel=\"noreferrer noopener\">.<strong>Nautic Evasion<\/strong>.<\/a><\/p>\n\n\n\n<p class=\"has-small-font-size\">Situ\u00e9 sur le port de plaisance de Carg\u00e8se et&nbsp;\u00e0 proximit\u00e9 des plus beaux sites de Corse, Nautic Evasion vous propose un large choix de bateaux \u00e0 la location. Nous mettons \u00e0 votre disposition du mat\u00e9riel de qualit\u00e9, r\u00e9cent, et tout options.<\/p>\n\n\n\n<p class=\"has-small-font-size\">Des&nbsp;calanches de Piana, en passant par la&nbsp;r\u00e9serve de Scandola,&nbsp;d\u00e9couvrez la beaut\u00e9 de l\u2019ile&nbsp;\u00e0 bord nos semi-rigides, bateaux \u00e0 coques, ou m\u00eame bateaux sans permis ! Avec des motorisations allant de 6 \u00e0 500 cv et des bateaux pouvant recevoir jusqu\u2019\u00e0 12 personnes, nous offrons une prestation pouvant convenir \u00e0 tout type de demande dans le domaine de la location de bateaux.<\/p>\n\n\n\n<p class=\"has-small-font-size\">Une &nbsp;\u00e9quipe dynamique souriante, et forte de 25 ans d\u2019exp\u00e9rience dans le domaine de la location, saura vous conseiller et vous guider tout au long de&nbsp;votre d\u00e9couverte<\/p>\n\n\n\n<h2 class=\"wp-block-heading has-medium-font-size\">_ <strong>Port de Plaisance de Carg\u00e8se _ 20130 Carg\u00e8se _ Tel:<a href=\"tel:0631707585\">+33 (0)6 31 70 75 85<\/a>  .<\/strong><\/h2>\n\n\n\n<figure class=\"wp-block-image size-large\"><img decoding=\"async\" src=\"https:\/\/cargese-locations.fr\/Blog\/wp-content\/uploads\/2023\/10\/fond-2-1024x186.jpg\" alt=\"\" class=\"wp-image-2313\"\/><\/figure>\n\n\n\n<figure class=\"wp-block-image size-full\"><img loading=\"lazy\" decoding=\"async\" width=\"445\" height=\"256\" src=\"https:\/\/cargese-locations.fr\/Blog\/wp-content\/uploads\/2025\/01\/FunJet.webp\" alt=\"\" class=\"wp-image-2923\" srcset=\"https:\/\/cargese-locations.fr\/Blog\/wp-content\/uploads\/2025\/01\/FunJet.webp 445w, https:\/\/cargese-locations.fr\/Blog\/wp-content\/uploads\/2025\/01\/FunJet-300x173.webp 300w\" sizes=\"auto, (max-width: 445px) 100vw, 445px\" \/><\/figure>\n\n\n\n<p class=\"has-medium-font-size\"><strong><a href=\"https:\/\/www.fun-jet-location.fr\/\" target=\"_blank\" rel=\"noreferrer noopener\">.Fun Jet Location.<\/a><\/strong><\/p>\n\n\n\n<p>Sur sa base nautique, install\u00e9e sur le Port de Carg\u00e8se, Fun Jet Location vous propose:<\/p>\n\n\n\n<ul class=\"wp-block-list\">\n<li><a href=\"https:\/\/www.fun-jet-location.fr\/jet-ski\">La location de scooters de mer (Jet-Ski.<\/a><\/li>\n\n\n\n<li><a href=\"https:\/\/www.fun-jet-location.fr\/jet-ski\">Des randonn\u00e9es en Jet-Ski, encadr\u00e9es par des guides diplom\u00e9s.<\/a><\/li>\n\n\n\n<li><a href=\"https:\/\/www.fun-jet-location.fr\/activites-douces\">S\u00e9ances de bou\u00e9es tract\u00e9es.<\/a><\/li>\n\n\n\n<li><a href=\"https:\/\/www.fun-jet-location.fr\/parachute-ascensionnel\">Parachute ascensionnel.<\/a><\/li>\n\n\n\n<li><a href=\"https:\/\/www.fun-jet-location.fr\/activites-douces\">Location de kayak et paddles.<\/a><\/li>\n<\/ul>\n\n\n\n<p class=\"has-medium-font-size\"><strong>_ Port de plaisance de Carg\u00e8se _ 20130 Carg\u00e8se _ Tel: <a href=\"tel:06 73 87 98 99\">06 73 87 98 99<\/a><\/strong><\/p>\n\n\n\n<figure class=\"wp-block-embed is-type-video is-provider-youtube wp-block-embed-youtube wp-embed-aspect-16-9 wp-has-aspect-ratio\"><div class=\"wp-block-embed__wrapper\">\n<iframe loading=\"lazy\" title=\"BASE NAUTIQUE FUNJET LOCATION\" width=\"720\" height=\"405\" src=\"https:\/\/www.youtube.com\/embed\/Q1Liaejqna4?feature=oembed\" frameborder=\"0\" allow=\"accelerometer; autoplay; clipboard-write; encrypted-media; gyroscope; picture-in-picture; web-share\" referrerpolicy=\"strict-origin-when-cross-origin\" allowfullscreen><\/iframe>\n<\/div><\/figure>\n","protected":false},"excerpt":{"rendered":"<p>.Location de bateaux et Jet-Ski. .Nautic Evasion. Situ\u00e9 sur le port de plaisance de Carg\u00e8se et&nbsp;\u00e0 proximit\u00e9 des plus beaux sites de Corse, Nautic Evasion vous propose un large choix de bateaux \u00e0 la location. Nous mettons \u00e0 votre disposition du mat\u00e9riel de qualit\u00e9, r\u00e9cent, et tout options. Des&nbsp;calanches de Piana, en passant par la&nbsp;r\u00e9serve&#8230;<\/p>\n","protected":false},"author":1,"featured_media":0,"parent":0,"menu_order":0,"comment_status":"closed","ping_status":"closed","template":"","meta":{"_kad_post_transparent":"","_kad_post_title":"","_kad_post_layout":"","_kad_post_sidebar_id":"","_kad_post_content_style":"","_kad_post_vertical_padding":"","_kad_post_feature":"","_kad_post_feature_position":"","_kad_post_header":false,"_kad_post_footer":false,"_kad_post_classname":"","footnotes":""},"class_list":["post-2053","page","type-page","status-publish","hentry"],"yoast_head":"<!-- This site is optimized with the Yoast SEO plugin v27.3 - https:\/\/yoast.com\/product\/yoast-seo-wordpress\/ -->\n<title>Location de bateaux et Jet-Ski.<\/title>\n<meta name=\"description\" content=\"Location de bateaux et Jet-Skis, bases d&#039; activit\u00e9s nautiques individuelles ou collectives \u00e0 Carg\u00e8se.\" \/>\n<meta name=\"robots\" content=\"index, nofollow, max-snippet:-1, max-image-preview:large, max-video-preview:-1\" \/>\n<link rel=\"canonical\" href=\"https:\/\/cargese-locations.fr\/Blog\/location-de-bateaux-jetski\/\" \/>\n<meta property=\"og:locale\" content=\"fr_FR\" \/>\n<meta property=\"og:type\" content=\"article\" \/>\n<meta property=\"og:title\" content=\"Location de bateaux et Jet-Ski.\" \/>\n<meta property=\"og:description\" content=\"Location de bateaux et Jet-Skis, bases d&#039; activit\u00e9s nautiques individuelles ou collectives \u00e0 Carg\u00e8se.\" \/>\n<meta property=\"og:url\" content=\"https:\/\/cargese-locations.fr\/Blog\/location-de-bateaux-jetski\/\" \/>\n<meta property=\"og:site_name\" content=\"Tout ce qui est \u00e0 voir, \u00e0 savoir , \u00e0 faire et \u00e0 visiter, \u00e0 Carg\u00e8se.\" \/>\n<meta property=\"article:publisher\" content=\"https:\/\/www.facebook.com\/CargeseLocations\/\" \/>\n<meta property=\"article:modified_time\" content=\"2025-02-22T18:20:27+00:00\" \/>\n<meta property=\"og:image\" content=\"https:\/\/cargese-locations.fr\/Blog\/wp-content\/uploads\/2025\/01\/NauticEvasion.webp\" \/>\n\t<meta property=\"og:image:width\" content=\"320\" \/>\n\t<meta property=\"og:image:height\" content=\"256\" \/>\n\t<meta property=\"og:image:type\" content=\"image\/webp\" \/>\n<meta name=\"twitter:card\" content=\"summary_large_image\" \/>\n<meta name=\"twitter:label1\" content=\"Dur\u00e9e de lecture estim\u00e9e\" \/>\n\t<meta name=\"twitter:data1\" content=\"2 minutes\" \/>\n<script type=\"application\/ld+json\" class=\"yoast-schema-graph\">{\"@context\":\"https:\\\/\\\/schema.org\",\"@graph\":[{\"@type\":\"WebPage\",\"@id\":\"https:\\\/\\\/cargese-locations.fr\\\/Blog\\\/location-de-bateaux-jetski\\\/\",\"url\":\"https:\\\/\\\/cargese-locations.fr\\\/Blog\\\/location-de-bateaux-jetski\\\/\",\"name\":\"Location de bateaux et Jet-Ski.\",\"isPartOf\":{\"@id\":\"https:\\\/\\\/cargese-locations.fr\\\/Blog\\\/#website\"},\"primaryImageOfPage\":{\"@id\":\"https:\\\/\\\/cargese-locations.fr\\\/Blog\\\/location-de-bateaux-jetski\\\/#primaryimage\"},\"image\":{\"@id\":\"https:\\\/\\\/cargese-locations.fr\\\/Blog\\\/location-de-bateaux-jetski\\\/#primaryimage\"},\"thumbnailUrl\":\"https:\\\/\\\/cargese-locations.fr\\\/Blog\\\/wp-content\\\/uploads\\\/2025\\\/01\\\/NauticEvasion-150x150.webp\",\"datePublished\":\"2023-12-08T15:30:55+00:00\",\"dateModified\":\"2025-02-22T18:20:27+00:00\",\"description\":\"Location de bateaux et Jet-Skis, bases d' activit\u00e9s nautiques individuelles ou collectives \u00e0 Carg\u00e8se.\",\"inLanguage\":\"fr-FR\",\"potentialAction\":[{\"@type\":\"ReadAction\",\"target\":[\"https:\\\/\\\/cargese-locations.fr\\\/Blog\\\/location-de-bateaux-jetski\\\/\"]}]},{\"@type\":\"ImageObject\",\"inLanguage\":\"fr-FR\",\"@id\":\"https:\\\/\\\/cargese-locations.fr\\\/Blog\\\/location-de-bateaux-jetski\\\/#primaryimage\",\"url\":\"https:\\\/\\\/cargese-locations.fr\\\/Blog\\\/wp-content\\\/uploads\\\/2025\\\/01\\\/NauticEvasion.webp\",\"contentUrl\":\"https:\\\/\\\/cargese-locations.fr\\\/Blog\\\/wp-content\\\/uploads\\\/2025\\\/01\\\/NauticEvasion.webp\",\"width\":320,\"height\":256},{\"@type\":\"WebSite\",\"@id\":\"https:\\\/\\\/cargese-locations.fr\\\/Blog\\\/#website\",\"url\":\"https:\\\/\\\/cargese-locations.fr\\\/Blog\\\/\",\"name\":\"Tout ce qui est \u00e0 voir, \u00e0 savoir , \u00e0 faire et \u00e0 visiter, \u00e0 Carg\u00e8se.\",\"description\":\"Tout ce qu&#039;il y a, a voir, a savoir , a faire et a visiter, a Cargese et dans ses environs..\",\"publisher\":{\"@id\":\"https:\\\/\\\/cargese-locations.fr\\\/Blog\\\/#organization\"},\"potentialAction\":[{\"@type\":\"SearchAction\",\"target\":{\"@type\":\"EntryPoint\",\"urlTemplate\":\"https:\\\/\\\/cargese-locations.fr\\\/Blog\\\/?s={search_term_string}\"},\"query-input\":{\"@type\":\"PropertyValueSpecification\",\"valueRequired\":true,\"valueName\":\"search_term_string\"}}],\"inLanguage\":\"fr-FR\"},{\"@type\":\"Organization\",\"@id\":\"https:\\\/\\\/cargese-locations.fr\\\/Blog\\\/#organization\",\"name\":\"Tout ce qui est \u00e0 voir, \u00e0 savoir , \u00e0 faire et \u00e0 visiter, \u00e0 Carg\u00e8se.\",\"url\":\"https:\\\/\\\/cargese-locations.fr\\\/Blog\\\/\",\"logo\":{\"@type\":\"ImageObject\",\"inLanguage\":\"fr-FR\",\"@id\":\"https:\\\/\\\/cargese-locations.fr\\\/Blog\\\/#\\\/schema\\\/logo\\\/image\\\/\",\"url\":\"https:\\\/\\\/cargese-locations.fr\\\/Blog\\\/wp-content\\\/uploads\\\/2025\\\/02\\\/cropped-cropped-cropped-CargeseLoc-1.webp\",\"contentUrl\":\"https:\\\/\\\/cargese-locations.fr\\\/Blog\\\/wp-content\\\/uploads\\\/2025\\\/02\\\/cropped-cropped-cropped-CargeseLoc-1.webp\",\"width\":1100,\"height\":75,\"caption\":\"Tout ce qui est \u00e0 voir, \u00e0 savoir , \u00e0 faire et \u00e0 visiter, \u00e0 Carg\u00e8se.\"},\"image\":{\"@id\":\"https:\\\/\\\/cargese-locations.fr\\\/Blog\\\/#\\\/schema\\\/logo\\\/image\\\/\"},\"sameAs\":[\"https:\\\/\\\/www.facebook.com\\\/CargeseLocations\\\/\",\"https:\\\/\\\/www.instagram.com\\\/cargese_locations\\\/\",\"https:\\\/\\\/www.pinterest.fr\\\/cargeselocation\\\/\",\"https:\\\/\\\/www.youtube.com\\\/channel\\\/UCMycAdrV_YwTxfnOyaTw2CA\\\/\"]}]}<\/script>\n<!-- \/ Yoast SEO plugin. -->","yoast_head_json":{"title":"Location de bateaux et Jet-Ski.","description":"Location de bateaux et Jet-Skis, bases d' activit\u00e9s nautiques individuelles ou collectives \u00e0 Carg\u00e8se.","robots":{"index":"index","follow":"nofollow","max-snippet":"max-snippet:-1","max-image-preview":"max-image-preview:large","max-video-preview":"max-video-preview:-1"},"canonical":"https:\/\/cargese-locations.fr\/Blog\/location-de-bateaux-jetski\/","og_locale":"fr_FR","og_type":"article","og_title":"Location de bateaux et Jet-Ski.","og_description":"Location de bateaux et Jet-Skis, bases d' activit\u00e9s nautiques individuelles ou collectives \u00e0 Carg\u00e8se.","og_url":"https:\/\/cargese-locations.fr\/Blog\/location-de-bateaux-jetski\/","og_site_name":"Tout ce qui est \u00e0 voir, \u00e0 savoir , \u00e0 faire et \u00e0 visiter, \u00e0 Carg\u00e8se.","article_publisher":"https:\/\/www.facebook.com\/CargeseLocations\/","article_modified_time":"2025-02-22T18:20:27+00:00","og_image":[{"width":320,"height":256,"url":"https:\/\/cargese-locations.fr\/Blog\/wp-content\/uploads\/2025\/01\/NauticEvasion.webp","type":"image\/webp"}],"twitter_card":"summary_large_image","twitter_misc":{"Dur\u00e9e de lecture estim\u00e9e":"2 minutes"},"schema":{"@context":"https:\/\/schema.org","@graph":[{"@type":"WebPage","@id":"https:\/\/cargese-locations.fr\/Blog\/location-de-bateaux-jetski\/","url":"https:\/\/cargese-locations.fr\/Blog\/location-de-bateaux-jetski\/","name":"Location de bateaux et Jet-Ski.","isPartOf":{"@id":"https:\/\/cargese-locations.fr\/Blog\/#website"},"primaryImageOfPage":{"@id":"https:\/\/cargese-locations.fr\/Blog\/location-de-bateaux-jetski\/#primaryimage"},"image":{"@id":"https:\/\/cargese-locations.fr\/Blog\/location-de-bateaux-jetski\/#primaryimage"},"thumbnailUrl":"https:\/\/cargese-locations.fr\/Blog\/wp-content\/uploads\/2025\/01\/NauticEvasion-150x150.webp","datePublished":"2023-12-08T15:30:55+00:00","dateModified":"2025-02-22T18:20:27+00:00","description":"Location de bateaux et Jet-Skis, bases d' activit\u00e9s nautiques individuelles ou collectives \u00e0 Carg\u00e8se.","inLanguage":"fr-FR","potentialAction":[{"@type":"ReadAction","target":["https:\/\/cargese-locations.fr\/Blog\/location-de-bateaux-jetski\/"]}]},{"@type":"ImageObject","inLanguage":"fr-FR","@id":"https:\/\/cargese-locations.fr\/Blog\/location-de-bateaux-jetski\/#primaryimage","url":"https:\/\/cargese-locations.fr\/Blog\/wp-content\/uploads\/2025\/01\/NauticEvasion.webp","contentUrl":"https:\/\/cargese-locations.fr\/Blog\/wp-content\/uploads\/2025\/01\/NauticEvasion.webp","width":320,"height":256},{"@type":"WebSite","@id":"https:\/\/cargese-locations.fr\/Blog\/#website","url":"https:\/\/cargese-locations.fr\/Blog\/","name":"Tout ce qui est \u00e0 voir, \u00e0 savoir , \u00e0 faire et \u00e0 visiter, \u00e0 Carg\u00e8se.","description":"Tout ce qu&#039;il y a, a voir, a savoir , a faire et a visiter, a Cargese et dans ses environs..","publisher":{"@id":"https:\/\/cargese-locations.fr\/Blog\/#organization"},"potentialAction":[{"@type":"SearchAction","target":{"@type":"EntryPoint","urlTemplate":"https:\/\/cargese-locations.fr\/Blog\/?s={search_term_string}"},"query-input":{"@type":"PropertyValueSpecification","valueRequired":true,"valueName":"search_term_string"}}],"inLanguage":"fr-FR"},{"@type":"Organization","@id":"https:\/\/cargese-locations.fr\/Blog\/#organization","name":"Tout ce qui est \u00e0 voir, \u00e0 savoir , \u00e0 faire et \u00e0 visiter, \u00e0 Carg\u00e8se.","url":"https:\/\/cargese-locations.fr\/Blog\/","logo":{"@type":"ImageObject","inLanguage":"fr-FR","@id":"https:\/\/cargese-locations.fr\/Blog\/#\/schema\/logo\/image\/","url":"https:\/\/cargese-locations.fr\/Blog\/wp-content\/uploads\/2025\/02\/cropped-cropped-cropped-CargeseLoc-1.webp","contentUrl":"https:\/\/cargese-locations.fr\/Blog\/wp-content\/uploads\/2025\/02\/cropped-cropped-cropped-CargeseLoc-1.webp","width":1100,"height":75,"caption":"Tout ce qui est \u00e0 voir, \u00e0 savoir , \u00e0 faire et \u00e0 visiter, \u00e0 Carg\u00e8se."},"image":{"@id":"https:\/\/cargese-locations.fr\/Blog\/#\/schema\/logo\/image\/"},"sameAs":["https:\/\/www.facebook.com\/CargeseLocations\/","https:\/\/www.instagram.com\/cargese_locations\/","https:\/\/www.pinterest.fr\/cargeselocation\/","https:\/\/www.youtube.com\/channel\/UCMycAdrV_YwTxfnOyaTw2CA\/"]}]}},"_links":{"self":[{"href":"https:\/\/cargese-locations.fr\/Blog\/wp-json\/wp\/v2\/pages\/2053","targetHints":{"allow":["GET"]}}],"collection":[{"href":"https:\/\/cargese-locations.fr\/Blog\/wp-json\/wp\/v2\/pages"}],"about":[{"href":"https:\/\/cargese-locations.fr\/Blog\/wp-json\/wp\/v2\/types\/page"}],"author":[{"embeddable":true,"href":"https:\/\/cargese-locations.fr\/Blog\/wp-json\/wp\/v2\/users\/1"}],"replies":[{"embeddable":true,"href":"https:\/\/cargese-locations.fr\/Blog\/wp-json\/wp\/v2\/comments?post=2053"}],"version-history":[{"count":36,"href":"https:\/\/cargese-locations.fr\/Blog\/wp-json\/wp\/v2\/pages\/2053\/revisions"}],"predecessor-version":[{"id":3167,"href":"https:\/\/cargese-locations.fr\/Blog\/wp-json\/wp\/v2\/pages\/2053\/revisions\/3167"}],"wp:attachment":[{"href":"https:\/\/cargese-locations.fr\/Blog\/wp-json\/wp\/v2\/media?parent=2053"}],"curies":[{"name":"wp","href":"https:\/\/api.w.org\/{rel}","templated":true}]}}