{"id":2100,"date":"2024-12-20T10:37:40","date_gmt":"2024-12-20T09:37:40","guid":{"rendered":"https:\/\/cargese-locations.fr\/Blog\/?page_id=2100"},"modified":"2025-02-22T19:02:09","modified_gmt":"2025-02-22T18:02:09","slug":"plage-peru","status":"publish","type":"page","link":"https:\/\/cargese-locations.fr\/Blog\/plage-peru\/","title":{"rendered":"Plage du Peru."},"content":{"rendered":"\n<figure class=\"wp-block-table aligncenter\"><table><tbody><tr><td class=\"has-text-align-center\" data-align=\"center\"><a href=\"https:\/\/cargese-locations.fr\/Blog\/plage-chiuni\/\"><strong>Plage de Chiuni<\/strong><\/a><\/td><td><strong><a href=\"https:\/\/cargese-locations.fr\/Blog\/plage-peru\/\">Plage du Peru<\/a><\/strong><\/td><td><strong><a href=\"https:\/\/cargese-locations.fr\/Blog\/plage-menasina\/\">Plage de Menasina<\/a><\/strong><\/td><td><strong><a href=\"https:\/\/cargese-locations.fr\/Blog\/plage-capizzolu\/\">Plage de capizzolu<\/a><\/strong><\/td><td><strong><a href=\"https:\/\/cargese-locations.fr\/Blog\/plage-stagnoli\/\">Plage de Stagnoli<\/a><\/strong><\/td><\/tr><\/tbody><\/table><\/figure>\n\n\n\n<p><\/p>\n\n\n\n<p class=\"has-small-font-size\"><strong>La&nbsp;plage du Peru de Carg\u00e8se se trouve au nord par rapport au village Carg\u00e8se. Cette grande plage de sable fin s\u2019\u00e9tend dans un golfe entre les pointes de Carg\u00e8se et et d\u2019Omigna, les deux sont surplomb\u00e9es de tours g\u00e9noises. Sur cette plage d\u2019environ 900 m\u00e8tres de longueur, sont implant\u00e9s plusieurs paillotes et restaurants o\u00f9 l\u2019on peut se restaurer . On pourra \u00e9galement louer des kayaks, jet-skis et SUP. Un petit centre nautique propose des s\u00e9ances de bou\u00e9e tract\u00e9e. <\/strong><\/p>\n\n\n\n<p class=\"has-small-font-size\"><strong>La plage est surveill\u00e9e durant la p\u00e9riode estivale<\/strong>, <strong>un poste de secours y est implant\u00e9, au centre de la plage..<\/strong><\/p>\n\n\n\n<figure class=\"wp-block-image size-large is-resized\"><img loading=\"lazy\" decoding=\"async\" width=\"1024\" height=\"682\" src=\"https:\/\/cargese-locations.fr\/Blog\/wp-content\/uploads\/2025\/01\/Peru_beach-1024x682.webp\" alt=\"Plage du Peru\" class=\"wp-image-2934\" style=\"width:1000px\" srcset=\"https:\/\/cargese-locations.fr\/Blog\/wp-content\/uploads\/2025\/01\/Peru_beach-1024x682.webp 1024w, https:\/\/cargese-locations.fr\/Blog\/wp-content\/uploads\/2025\/01\/Peru_beach-300x200.webp 300w, https:\/\/cargese-locations.fr\/Blog\/wp-content\/uploads\/2025\/01\/Peru_beach-768x512.webp 768w, https:\/\/cargese-locations.fr\/Blog\/wp-content\/uploads\/2025\/01\/Peru_beach.webp 1280w\" sizes=\"auto, (max-width: 1024px) 100vw, 1024px\" \/><\/figure>\n\n\n\n<p class=\"has-small-font-size\"><strong>La plage du Peru est la plage la plus proche du village On trouve deux acc\u00e8s principaux sur cette plage avec des parkings. Pour vous rendre sur cette plage depuis le centre de Carg\u00e8se, prendre la route en contrebas de la D81 sur 1.5 km, plusieurs parkings sont disponibles en bordure de plage<\/strong><\/p>\n\n\n\n<p class=\"has-vivid-red-color has-text-color\"><strong>Carte Google Maps \u00e0 agrandir pour zoom, localisation et itin\u00e9raire<\/strong>&#8230;<\/p>\n\n\n\n<iframe src=\"https:\/\/www.google.com\/maps\/embed?pb=!1m14!1m12!1m3!1d5278.452510825606!2d8.590155684306223!3d42.14578361925467!2m3!1f0!2f0!3f0!3m2!1i1024!2i768!4f13.1!5e1!3m2!1sfr!2sfr!4v1697817074545!5m2!1sfr!2sfr\" width=\"1000\" height=\"450\" style=\"border:0;\" allowfullscreen=\"\" loading=\"lazy\" referrerpolicy=\"no-referrer-when-downgrade\"><\/iframe>\n","protected":false},"excerpt":{"rendered":"<p>Plage de Chiuni Plage du Peru Plage de Menasina Plage de capizzolu Plage de Stagnoli La&nbsp;plage du Peru de Carg\u00e8se se trouve au nord par rapport au village Carg\u00e8se. Cette grande plage de sable fin s\u2019\u00e9tend dans un golfe entre les pointes de Carg\u00e8se et et d\u2019Omigna, les deux sont surplomb\u00e9es de tours g\u00e9noises. Sur&#8230;<\/p>\n","protected":false},"author":1,"featured_media":0,"parent":0,"menu_order":0,"comment_status":"closed","ping_status":"closed","template":"","meta":{"_kad_post_transparent":"","_kad_post_title":"","_kad_post_layout":"","_kad_post_sidebar_id":"","_kad_post_content_style":"","_kad_post_vertical_padding":"","_kad_post_feature":"","_kad_post_feature_position":"","_kad_post_header":false,"_kad_post_footer":false,"_kad_post_classname":"","footnotes":""},"class_list":["post-2100","page","type-page","status-publish","hentry"],"yoast_head":"<!-- This site is optimized with the Yoast SEO plugin v27.5 - https:\/\/yoast.com\/product\/yoast-seo-wordpress\/ -->\n<title>Plage du Peru.<\/title>\n<meta name=\"description\" content=\"La\u00a0plage du Peru se trouve au nord du village Carg\u00e8se. Cette grande plage de sable fin s\u2019\u00e9tend entre les pointes de Carg\u00e8se et et d\u2019Omigna,\" \/>\n<meta name=\"robots\" content=\"index, follow, max-snippet:-1, max-image-preview:large, max-video-preview:-1\" \/>\n<link rel=\"canonical\" href=\"https:\/\/cargese-locations.fr\/Blog\/plage-peru\/\" \/>\n<meta property=\"og:locale\" content=\"fr_FR\" \/>\n<meta property=\"og:type\" content=\"article\" \/>\n<meta property=\"og:title\" content=\"Plage du Peru.\" \/>\n<meta property=\"og:description\" content=\"La\u00a0plage du Peru se trouve au nord du village Carg\u00e8se. Cette grande plage de sable fin s\u2019\u00e9tend entre les pointes de Carg\u00e8se et et d\u2019Omigna,\" \/>\n<meta property=\"og:url\" content=\"https:\/\/cargese-locations.fr\/Blog\/plage-peru\/\" \/>\n<meta property=\"og:site_name\" content=\"Tout ce qui est \u00e0 voir, \u00e0 savoir , \u00e0 faire et \u00e0 visiter, \u00e0 Carg\u00e8se.\" \/>\n<meta property=\"article:publisher\" content=\"https:\/\/www.facebook.com\/CargeseLocations\/\" \/>\n<meta property=\"article:modified_time\" content=\"2025-02-22T18:02:09+00:00\" \/>\n<meta property=\"og:image\" content=\"https:\/\/cargese-locations.fr\/Blog\/wp-content\/uploads\/2025\/01\/Peru_beach.webp\" \/>\n\t<meta property=\"og:image:width\" content=\"1280\" \/>\n\t<meta property=\"og:image:height\" content=\"853\" \/>\n\t<meta property=\"og:image:type\" content=\"image\/webp\" \/>\n<meta name=\"twitter:card\" content=\"summary_large_image\" \/>\n<meta name=\"twitter:label1\" content=\"Dur\u00e9e de lecture estim\u00e9e\" \/>\n\t<meta name=\"twitter:data1\" content=\"2 minutes\" \/>\n<script type=\"application\/ld+json\" class=\"yoast-schema-graph\">{\"@context\":\"https:\\\/\\\/schema.org\",\"@graph\":[{\"@type\":\"WebPage\",\"@id\":\"https:\\\/\\\/cargese-locations.fr\\\/Blog\\\/plage-peru\\\/\",\"url\":\"https:\\\/\\\/cargese-locations.fr\\\/Blog\\\/plage-peru\\\/\",\"name\":\"Plage du Peru.\",\"isPartOf\":{\"@id\":\"https:\\\/\\\/cargese-locations.fr\\\/Blog\\\/#website\"},\"primaryImageOfPage\":{\"@id\":\"https:\\\/\\\/cargese-locations.fr\\\/Blog\\\/plage-peru\\\/#primaryimage\"},\"image\":{\"@id\":\"https:\\\/\\\/cargese-locations.fr\\\/Blog\\\/plage-peru\\\/#primaryimage\"},\"thumbnailUrl\":\"https:\\\/\\\/cargese-locations.fr\\\/Blog\\\/wp-content\\\/uploads\\\/2025\\\/01\\\/Peru_beach-1024x682.webp\",\"datePublished\":\"2024-12-20T09:37:40+00:00\",\"dateModified\":\"2025-02-22T18:02:09+00:00\",\"description\":\"La\u00a0plage du Peru se trouve au nord du village Carg\u00e8se. Cette grande plage de sable fin s\u2019\u00e9tend entre les pointes de Carg\u00e8se et et d\u2019Omigna,\",\"breadcrumb\":{\"@id\":\"https:\\\/\\\/cargese-locations.fr\\\/Blog\\\/plage-peru\\\/#breadcrumb\"},\"inLanguage\":\"fr-FR\",\"potentialAction\":[{\"@type\":\"ReadAction\",\"target\":[\"https:\\\/\\\/cargese-locations.fr\\\/Blog\\\/plage-peru\\\/\"]}]},{\"@type\":\"ImageObject\",\"inLanguage\":\"fr-FR\",\"@id\":\"https:\\\/\\\/cargese-locations.fr\\\/Blog\\\/plage-peru\\\/#primaryimage\",\"url\":\"https:\\\/\\\/cargese-locations.fr\\\/Blog\\\/wp-content\\\/uploads\\\/2025\\\/01\\\/Peru_beach.webp\",\"contentUrl\":\"https:\\\/\\\/cargese-locations.fr\\\/Blog\\\/wp-content\\\/uploads\\\/2025\\\/01\\\/Peru_beach.webp\",\"width\":1280,\"height\":853,\"caption\":\"Plage du Peru\"},{\"@type\":\"BreadcrumbList\",\"@id\":\"https:\\\/\\\/cargese-locations.fr\\\/Blog\\\/plage-peru\\\/#breadcrumb\",\"itemListElement\":[{\"@type\":\"ListItem\",\"position\":1,\"name\":\"Accueil\",\"item\":\"https:\\\/\\\/cargese-locations.fr\\\/Blog\\\/\"},{\"@type\":\"ListItem\",\"position\":2,\"name\":\"Plage du Peru.\"}]},{\"@type\":\"WebSite\",\"@id\":\"https:\\\/\\\/cargese-locations.fr\\\/Blog\\\/#website\",\"url\":\"https:\\\/\\\/cargese-locations.fr\\\/Blog\\\/\",\"name\":\"Tout ce qui est \u00e0 voir, \u00e0 savoir , \u00e0 faire et \u00e0 visiter, \u00e0 Carg\u00e8se.\",\"description\":\"Tout ce qu&#039;il y a, a voir, a savoir , a faire et a visiter, a Cargese et dans ses environs..\",\"publisher\":{\"@id\":\"https:\\\/\\\/cargese-locations.fr\\\/Blog\\\/#organization\"},\"potentialAction\":[{\"@type\":\"SearchAction\",\"target\":{\"@type\":\"EntryPoint\",\"urlTemplate\":\"https:\\\/\\\/cargese-locations.fr\\\/Blog\\\/?s={search_term_string}\"},\"query-input\":{\"@type\":\"PropertyValueSpecification\",\"valueRequired\":true,\"valueName\":\"search_term_string\"}}],\"inLanguage\":\"fr-FR\"},{\"@type\":\"Organization\",\"@id\":\"https:\\\/\\\/cargese-locations.fr\\\/Blog\\\/#organization\",\"name\":\"Tout ce qui est \u00e0 voir, \u00e0 savoir , \u00e0 faire et \u00e0 visiter, \u00e0 Carg\u00e8se.\",\"url\":\"https:\\\/\\\/cargese-locations.fr\\\/Blog\\\/\",\"logo\":{\"@type\":\"ImageObject\",\"inLanguage\":\"fr-FR\",\"@id\":\"https:\\\/\\\/cargese-locations.fr\\\/Blog\\\/#\\\/schema\\\/logo\\\/image\\\/\",\"url\":\"https:\\\/\\\/cargese-locations.fr\\\/Blog\\\/wp-content\\\/uploads\\\/2025\\\/02\\\/cropped-cropped-cropped-CargeseLoc-1.webp\",\"contentUrl\":\"https:\\\/\\\/cargese-locations.fr\\\/Blog\\\/wp-content\\\/uploads\\\/2025\\\/02\\\/cropped-cropped-cropped-CargeseLoc-1.webp\",\"width\":1100,\"height\":75,\"caption\":\"Tout ce qui est \u00e0 voir, \u00e0 savoir , \u00e0 faire et \u00e0 visiter, \u00e0 Carg\u00e8se.\"},\"image\":{\"@id\":\"https:\\\/\\\/cargese-locations.fr\\\/Blog\\\/#\\\/schema\\\/logo\\\/image\\\/\"},\"sameAs\":[\"https:\\\/\\\/www.facebook.com\\\/CargeseLocations\\\/\",\"https:\\\/\\\/www.instagram.com\\\/cargese_locations\\\/\",\"https:\\\/\\\/www.pinterest.fr\\\/cargeselocation\\\/\",\"https:\\\/\\\/www.youtube.com\\\/channel\\\/UCMycAdrV_YwTxfnOyaTw2CA\\\/\"]}]}<\/script>\n<!-- \/ Yoast SEO plugin. -->","yoast_head_json":{"title":"Plage du Peru.","description":"La\u00a0plage du Peru se trouve au nord du village Carg\u00e8se. Cette grande plage de sable fin s\u2019\u00e9tend entre les pointes de Carg\u00e8se et et d\u2019Omigna,","robots":{"index":"index","follow":"follow","max-snippet":"max-snippet:-1","max-image-preview":"max-image-preview:large","max-video-preview":"max-video-preview:-1"},"canonical":"https:\/\/cargese-locations.fr\/Blog\/plage-peru\/","og_locale":"fr_FR","og_type":"article","og_title":"Plage du Peru.","og_description":"La\u00a0plage du Peru se trouve au nord du village Carg\u00e8se. Cette grande plage de sable fin s\u2019\u00e9tend entre les pointes de Carg\u00e8se et et d\u2019Omigna,","og_url":"https:\/\/cargese-locations.fr\/Blog\/plage-peru\/","og_site_name":"Tout ce qui est \u00e0 voir, \u00e0 savoir , \u00e0 faire et \u00e0 visiter, \u00e0 Carg\u00e8se.","article_publisher":"https:\/\/www.facebook.com\/CargeseLocations\/","article_modified_time":"2025-02-22T18:02:09+00:00","og_image":[{"width":1280,"height":853,"url":"https:\/\/cargese-locations.fr\/Blog\/wp-content\/uploads\/2025\/01\/Peru_beach.webp","type":"image\/webp"}],"twitter_card":"summary_large_image","twitter_misc":{"Dur\u00e9e de lecture estim\u00e9e":"2 minutes"},"schema":{"@context":"https:\/\/schema.org","@graph":[{"@type":"WebPage","@id":"https:\/\/cargese-locations.fr\/Blog\/plage-peru\/","url":"https:\/\/cargese-locations.fr\/Blog\/plage-peru\/","name":"Plage du Peru.","isPartOf":{"@id":"https:\/\/cargese-locations.fr\/Blog\/#website"},"primaryImageOfPage":{"@id":"https:\/\/cargese-locations.fr\/Blog\/plage-peru\/#primaryimage"},"image":{"@id":"https:\/\/cargese-locations.fr\/Blog\/plage-peru\/#primaryimage"},"thumbnailUrl":"https:\/\/cargese-locations.fr\/Blog\/wp-content\/uploads\/2025\/01\/Peru_beach-1024x682.webp","datePublished":"2024-12-20T09:37:40+00:00","dateModified":"2025-02-22T18:02:09+00:00","description":"La\u00a0plage du Peru se trouve au nord du village Carg\u00e8se. Cette grande plage de sable fin s\u2019\u00e9tend entre les pointes de Carg\u00e8se et et d\u2019Omigna,","breadcrumb":{"@id":"https:\/\/cargese-locations.fr\/Blog\/plage-peru\/#breadcrumb"},"inLanguage":"fr-FR","potentialAction":[{"@type":"ReadAction","target":["https:\/\/cargese-locations.fr\/Blog\/plage-peru\/"]}]},{"@type":"ImageObject","inLanguage":"fr-FR","@id":"https:\/\/cargese-locations.fr\/Blog\/plage-peru\/#primaryimage","url":"https:\/\/cargese-locations.fr\/Blog\/wp-content\/uploads\/2025\/01\/Peru_beach.webp","contentUrl":"https:\/\/cargese-locations.fr\/Blog\/wp-content\/uploads\/2025\/01\/Peru_beach.webp","width":1280,"height":853,"caption":"Plage du Peru"},{"@type":"BreadcrumbList","@id":"https:\/\/cargese-locations.fr\/Blog\/plage-peru\/#breadcrumb","itemListElement":[{"@type":"ListItem","position":1,"name":"Accueil","item":"https:\/\/cargese-locations.fr\/Blog\/"},{"@type":"ListItem","position":2,"name":"Plage du Peru."}]},{"@type":"WebSite","@id":"https:\/\/cargese-locations.fr\/Blog\/#website","url":"https:\/\/cargese-locations.fr\/Blog\/","name":"Tout ce qui est \u00e0 voir, \u00e0 savoir , \u00e0 faire et \u00e0 visiter, \u00e0 Carg\u00e8se.","description":"Tout ce qu&#039;il y a, a voir, a savoir , a faire et a visiter, a Cargese et dans ses environs..","publisher":{"@id":"https:\/\/cargese-locations.fr\/Blog\/#organization"},"potentialAction":[{"@type":"SearchAction","target":{"@type":"EntryPoint","urlTemplate":"https:\/\/cargese-locations.fr\/Blog\/?s={search_term_string}"},"query-input":{"@type":"PropertyValueSpecification","valueRequired":true,"valueName":"search_term_string"}}],"inLanguage":"fr-FR"},{"@type":"Organization","@id":"https:\/\/cargese-locations.fr\/Blog\/#organization","name":"Tout ce qui est \u00e0 voir, \u00e0 savoir , \u00e0 faire et \u00e0 visiter, \u00e0 Carg\u00e8se.","url":"https:\/\/cargese-locations.fr\/Blog\/","logo":{"@type":"ImageObject","inLanguage":"fr-FR","@id":"https:\/\/cargese-locations.fr\/Blog\/#\/schema\/logo\/image\/","url":"https:\/\/cargese-locations.fr\/Blog\/wp-content\/uploads\/2025\/02\/cropped-cropped-cropped-CargeseLoc-1.webp","contentUrl":"https:\/\/cargese-locations.fr\/Blog\/wp-content\/uploads\/2025\/02\/cropped-cropped-cropped-CargeseLoc-1.webp","width":1100,"height":75,"caption":"Tout ce qui est \u00e0 voir, \u00e0 savoir , \u00e0 faire et \u00e0 visiter, \u00e0 Carg\u00e8se."},"image":{"@id":"https:\/\/cargese-locations.fr\/Blog\/#\/schema\/logo\/image\/"},"sameAs":["https:\/\/www.facebook.com\/CargeseLocations\/","https:\/\/www.instagram.com\/cargese_locations\/","https:\/\/www.pinterest.fr\/cargeselocation\/","https:\/\/www.youtube.com\/channel\/UCMycAdrV_YwTxfnOyaTw2CA\/"]}]}},"_links":{"self":[{"href":"https:\/\/cargese-locations.fr\/Blog\/wp-json\/wp\/v2\/pages\/2100","targetHints":{"allow":["GET"]}}],"collection":[{"href":"https:\/\/cargese-locations.fr\/Blog\/wp-json\/wp\/v2\/pages"}],"about":[{"href":"https:\/\/cargese-locations.fr\/Blog\/wp-json\/wp\/v2\/types\/page"}],"author":[{"embeddable":true,"href":"https:\/\/cargese-locations.fr\/Blog\/wp-json\/wp\/v2\/users\/1"}],"replies":[{"embeddable":true,"href":"https:\/\/cargese-locations.fr\/Blog\/wp-json\/wp\/v2\/comments?post=2100"}],"version-history":[{"count":37,"href":"https:\/\/cargese-locations.fr\/Blog\/wp-json\/wp\/v2\/pages\/2100\/revisions"}],"predecessor-version":[{"id":3146,"href":"https:\/\/cargese-locations.fr\/Blog\/wp-json\/wp\/v2\/pages\/2100\/revisions\/3146"}],"wp:attachment":[{"href":"https:\/\/cargese-locations.fr\/Blog\/wp-json\/wp\/v2\/media?parent=2100"}],"curies":[{"name":"wp","href":"https:\/\/api.w.org\/{rel}","templated":true}]}}