{"id":2107,"date":"2024-12-20T10:39:28","date_gmt":"2024-12-20T09:39:28","guid":{"rendered":"https:\/\/cargese-locations.fr\/Blog\/?page_id=2107"},"modified":"2025-02-22T18:05:07","modified_gmt":"2025-02-22T17:05:07","slug":"plage-capizzolu","status":"publish","type":"page","link":"https:\/\/cargese-locations.fr\/Blog\/plage-capizzolu\/","title":{"rendered":"Plage de Capizzolu."},"content":{"rendered":"\n<figure class=\"wp-block-table aligncenter\"><table><tbody><tr><td class=\"has-text-align-center\" data-align=\"center\"><strong><a href=\"https:\/\/cargese-locations.fr\/Blog\/plage-chiuni\/\">Plage de Chiuni<\/a><\/strong><\/td><td><strong><a href=\"https:\/\/cargese-locations.fr\/Blog\/plage-peru\/\">Plage du Peru<\/a><\/strong><\/td><td><strong><a href=\"https:\/\/cargese-locations.fr\/Blog\/plage-menasina\/\">Plage de Menasina<\/a><\/strong><\/td><td><strong><a href=\"https:\/\/cargese-locations.fr\/Blog\/plage-capizzolu\/\">Plage de capizzolu<\/a><\/strong><\/td><td><strong><a href=\"https:\/\/cargese-locations.fr\/Blog\/plage-stagnoli\/\">Plage de Stagnoli<\/a><\/strong><\/td><\/tr><\/tbody><\/table><\/figure>\n\n\n\n<p class=\"has-small-font-size\"><strong>Situ\u00e9e sur la c\u00f4te ouest de la Corse, la&nbsp;plage de Capizzolu de Carg\u00e8se&nbsp;est l\u2019une des belles plages sauvages de la r\u00e9gion. Peu connue, cette plage de sable fin blanc s\u2019\u00e9tend sur 300 m\u00e8tres au milieu des maquis. Isol\u00e9e de la route, on a l\u2019impression d\u2019\u00eatre dans un lieu totalement sauvage.<\/strong><\/p>\n\n\n\n<figure class=\"wp-block-image size-full\"><img loading=\"lazy\" decoding=\"async\" width=\"940\" height=\"215\" src=\"https:\/\/cargese-locations.fr\/Blog\/wp-content\/uploads\/2025\/01\/Capizzolu_plage.jpg\" alt=\"\" class=\"wp-image-2939\" srcset=\"https:\/\/cargese-locations.fr\/Blog\/wp-content\/uploads\/2025\/01\/Capizzolu_plage.jpg 940w, https:\/\/cargese-locations.fr\/Blog\/wp-content\/uploads\/2025\/01\/Capizzolu_plage-300x69.jpg 300w, https:\/\/cargese-locations.fr\/Blog\/wp-content\/uploads\/2025\/01\/Capizzolu_plage-768x176.jpg 768w\" sizes=\"auto, (max-width: 940px) 100vw, 940px\" \/><\/figure>\n\n\n\n<p class=\"has-small-font-size\"><strong>Pour vous rendre sur cette plage depuis le centre de Carg\u00e8se, prendre la D81 en direction de Sagone. Apr\u00e8s 5 km,&nbsp; passez la r\u00e9sidence Les Mandiles, \u00e0 la sortie du grand virage sur la droite,&nbsp; garez-vous le long de la route. Deux sentiers descendent vers la plage.<\/strong><\/p>\n\n\n\n<p class=\"has-text-color\" style=\"color:#df1e1e\"><strong>Carte Google Maps \u00e0 agrandir pour zoom, localisation et itin\u00e9raire<\/strong>&#8230;<\/p>\n\n\n\n<iframe src=\"https:\/\/www.google.com\/maps\/embed?pb=!1m14!1m12!1m3!1d3139.704215178586!2d8.637507138391916!3d42.12323602400346!2m3!1f0!2f0!3f0!3m2!1i1024!2i768!4f13.1!5e1!3m2!1sfr!2sfr!4v1697874180069!5m2!1sfr!2sfr\" width=\"950\" height=\"450\" style=\"border:0;\" allowfullscreen=\"\" loading=\"lazy\" referrerpolicy=\"no-referrer-when-downgrade\"><\/iframe>\n<\/iframe>\n","protected":false},"excerpt":{"rendered":"<p>Plage de Chiuni Plage du Peru Plage de Menasina Plage de capizzolu Plage de Stagnoli Situ\u00e9e sur la c\u00f4te ouest de la Corse, la&nbsp;plage de Capizzolu de Carg\u00e8se&nbsp;est l\u2019une des belles plages sauvages de la r\u00e9gion. Peu connue, cette plage de sable fin blanc s\u2019\u00e9tend sur 300 m\u00e8tres au milieu des maquis. Isol\u00e9e de la&#8230;<\/p>\n","protected":false},"author":1,"featured_media":0,"parent":0,"menu_order":0,"comment_status":"closed","ping_status":"closed","template":"","meta":{"_kad_post_transparent":"","_kad_post_title":"","_kad_post_layout":"","_kad_post_sidebar_id":"","_kad_post_content_style":"","_kad_post_vertical_padding":"","_kad_post_feature":"","_kad_post_feature_position":"","_kad_post_header":false,"_kad_post_footer":false,"_kad_post_classname":"","footnotes":""},"class_list":["post-2107","page","type-page","status-publish","hentry"],"yoast_head":"<!-- This site is optimized with the Yoast SEO plugin v27.5 - https:\/\/yoast.com\/product\/yoast-seo-wordpress\/ -->\n<title>Plage de Capizzolu.<\/title>\n<meta name=\"description\" content=\"la plage de Capizzolu \u00e0 Carg\u00e8se est l\u2019une des belles de la r\u00e9gion. cette plage de sable fin blanc s\u2019\u00e9tend sur 300 m\u00e8tres au milieu du maquis.\" \/>\n<meta name=\"robots\" content=\"index, follow, max-snippet:-1, max-image-preview:large, max-video-preview:-1\" \/>\n<link rel=\"canonical\" href=\"https:\/\/cargese-locations.fr\/Blog\/plage-capizzolu\/\" \/>\n<meta property=\"og:locale\" content=\"fr_FR\" \/>\n<meta property=\"og:type\" content=\"article\" \/>\n<meta property=\"og:title\" content=\"Plage de Capizzolu.\" \/>\n<meta property=\"og:description\" content=\"la plage de Capizzolu \u00e0 Carg\u00e8se est l\u2019une des belles de la r\u00e9gion. cette plage de sable fin blanc s\u2019\u00e9tend sur 300 m\u00e8tres au milieu du maquis.\" \/>\n<meta property=\"og:url\" content=\"https:\/\/cargese-locations.fr\/Blog\/plage-capizzolu\/\" \/>\n<meta property=\"og:site_name\" content=\"Tout ce qui est \u00e0 voir, \u00e0 savoir , \u00e0 faire et \u00e0 visiter, \u00e0 Carg\u00e8se.\" \/>\n<meta property=\"article:publisher\" content=\"https:\/\/www.facebook.com\/CargeseLocations\/\" \/>\n<meta property=\"article:modified_time\" content=\"2025-02-22T17:05:07+00:00\" \/>\n<meta property=\"og:image\" content=\"https:\/\/cargese-locations.fr\/Blog\/wp-content\/uploads\/2025\/01\/Capizzolu_plage.jpg\" \/>\n\t<meta property=\"og:image:width\" content=\"940\" \/>\n\t<meta property=\"og:image:height\" content=\"215\" \/>\n\t<meta property=\"og:image:type\" content=\"image\/jpeg\" \/>\n<meta name=\"twitter:card\" content=\"summary_large_image\" \/>\n<meta name=\"twitter:label1\" content=\"Dur\u00e9e de lecture estim\u00e9e\" \/>\n\t<meta name=\"twitter:data1\" content=\"1 minute\" \/>\n<script type=\"application\/ld+json\" class=\"yoast-schema-graph\">{\"@context\":\"https:\\\/\\\/schema.org\",\"@graph\":[{\"@type\":\"WebPage\",\"@id\":\"https:\\\/\\\/cargese-locations.fr\\\/Blog\\\/plage-capizzolu\\\/\",\"url\":\"https:\\\/\\\/cargese-locations.fr\\\/Blog\\\/plage-capizzolu\\\/\",\"name\":\"Plage de Capizzolu.\",\"isPartOf\":{\"@id\":\"https:\\\/\\\/cargese-locations.fr\\\/Blog\\\/#website\"},\"primaryImageOfPage\":{\"@id\":\"https:\\\/\\\/cargese-locations.fr\\\/Blog\\\/plage-capizzolu\\\/#primaryimage\"},\"image\":{\"@id\":\"https:\\\/\\\/cargese-locations.fr\\\/Blog\\\/plage-capizzolu\\\/#primaryimage\"},\"thumbnailUrl\":\"https:\\\/\\\/cargese-locations.fr\\\/Blog\\\/wp-content\\\/uploads\\\/2025\\\/01\\\/Capizzolu_plage.jpg\",\"datePublished\":\"2024-12-20T09:39:28+00:00\",\"dateModified\":\"2025-02-22T17:05:07+00:00\",\"description\":\"la plage de Capizzolu \u00e0 Carg\u00e8se est l\u2019une des belles de la r\u00e9gion. cette plage de sable fin blanc s\u2019\u00e9tend sur 300 m\u00e8tres au milieu du maquis.\",\"breadcrumb\":{\"@id\":\"https:\\\/\\\/cargese-locations.fr\\\/Blog\\\/plage-capizzolu\\\/#breadcrumb\"},\"inLanguage\":\"fr-FR\",\"potentialAction\":[{\"@type\":\"ReadAction\",\"target\":[\"https:\\\/\\\/cargese-locations.fr\\\/Blog\\\/plage-capizzolu\\\/\"]}]},{\"@type\":\"ImageObject\",\"inLanguage\":\"fr-FR\",\"@id\":\"https:\\\/\\\/cargese-locations.fr\\\/Blog\\\/plage-capizzolu\\\/#primaryimage\",\"url\":\"https:\\\/\\\/cargese-locations.fr\\\/Blog\\\/wp-content\\\/uploads\\\/2025\\\/01\\\/Capizzolu_plage.jpg\",\"contentUrl\":\"https:\\\/\\\/cargese-locations.fr\\\/Blog\\\/wp-content\\\/uploads\\\/2025\\\/01\\\/Capizzolu_plage.jpg\",\"width\":940,\"height\":215},{\"@type\":\"BreadcrumbList\",\"@id\":\"https:\\\/\\\/cargese-locations.fr\\\/Blog\\\/plage-capizzolu\\\/#breadcrumb\",\"itemListElement\":[{\"@type\":\"ListItem\",\"position\":1,\"name\":\"Accueil\",\"item\":\"https:\\\/\\\/cargese-locations.fr\\\/Blog\\\/\"},{\"@type\":\"ListItem\",\"position\":2,\"name\":\"Plage de Capizzolu.\"}]},{\"@type\":\"WebSite\",\"@id\":\"https:\\\/\\\/cargese-locations.fr\\\/Blog\\\/#website\",\"url\":\"https:\\\/\\\/cargese-locations.fr\\\/Blog\\\/\",\"name\":\"Tout ce qui est \u00e0 voir, \u00e0 savoir , \u00e0 faire et \u00e0 visiter, \u00e0 Carg\u00e8se.\",\"description\":\"Tout ce qu&#039;il y a, a voir, a savoir , a faire et a visiter, a Cargese et dans ses environs..\",\"publisher\":{\"@id\":\"https:\\\/\\\/cargese-locations.fr\\\/Blog\\\/#organization\"},\"potentialAction\":[{\"@type\":\"SearchAction\",\"target\":{\"@type\":\"EntryPoint\",\"urlTemplate\":\"https:\\\/\\\/cargese-locations.fr\\\/Blog\\\/?s={search_term_string}\"},\"query-input\":{\"@type\":\"PropertyValueSpecification\",\"valueRequired\":true,\"valueName\":\"search_term_string\"}}],\"inLanguage\":\"fr-FR\"},{\"@type\":\"Organization\",\"@id\":\"https:\\\/\\\/cargese-locations.fr\\\/Blog\\\/#organization\",\"name\":\"Tout ce qui est \u00e0 voir, \u00e0 savoir , \u00e0 faire et \u00e0 visiter, \u00e0 Carg\u00e8se.\",\"url\":\"https:\\\/\\\/cargese-locations.fr\\\/Blog\\\/\",\"logo\":{\"@type\":\"ImageObject\",\"inLanguage\":\"fr-FR\",\"@id\":\"https:\\\/\\\/cargese-locations.fr\\\/Blog\\\/#\\\/schema\\\/logo\\\/image\\\/\",\"url\":\"https:\\\/\\\/cargese-locations.fr\\\/Blog\\\/wp-content\\\/uploads\\\/2025\\\/02\\\/cropped-cropped-cropped-CargeseLoc-1.webp\",\"contentUrl\":\"https:\\\/\\\/cargese-locations.fr\\\/Blog\\\/wp-content\\\/uploads\\\/2025\\\/02\\\/cropped-cropped-cropped-CargeseLoc-1.webp\",\"width\":1100,\"height\":75,\"caption\":\"Tout ce qui est \u00e0 voir, \u00e0 savoir , \u00e0 faire et \u00e0 visiter, \u00e0 Carg\u00e8se.\"},\"image\":{\"@id\":\"https:\\\/\\\/cargese-locations.fr\\\/Blog\\\/#\\\/schema\\\/logo\\\/image\\\/\"},\"sameAs\":[\"https:\\\/\\\/www.facebook.com\\\/CargeseLocations\\\/\",\"https:\\\/\\\/www.instagram.com\\\/cargese_locations\\\/\",\"https:\\\/\\\/www.pinterest.fr\\\/cargeselocation\\\/\",\"https:\\\/\\\/www.youtube.com\\\/channel\\\/UCMycAdrV_YwTxfnOyaTw2CA\\\/\"]}]}<\/script>\n<!-- \/ Yoast SEO plugin. -->","yoast_head_json":{"title":"Plage de Capizzolu.","description":"la plage de Capizzolu \u00e0 Carg\u00e8se est l\u2019une des belles de la r\u00e9gion. cette plage de sable fin blanc s\u2019\u00e9tend sur 300 m\u00e8tres au milieu du maquis.","robots":{"index":"index","follow":"follow","max-snippet":"max-snippet:-1","max-image-preview":"max-image-preview:large","max-video-preview":"max-video-preview:-1"},"canonical":"https:\/\/cargese-locations.fr\/Blog\/plage-capizzolu\/","og_locale":"fr_FR","og_type":"article","og_title":"Plage de Capizzolu.","og_description":"la plage de Capizzolu \u00e0 Carg\u00e8se est l\u2019une des belles de la r\u00e9gion. cette plage de sable fin blanc s\u2019\u00e9tend sur 300 m\u00e8tres au milieu du maquis.","og_url":"https:\/\/cargese-locations.fr\/Blog\/plage-capizzolu\/","og_site_name":"Tout ce qui est \u00e0 voir, \u00e0 savoir , \u00e0 faire et \u00e0 visiter, \u00e0 Carg\u00e8se.","article_publisher":"https:\/\/www.facebook.com\/CargeseLocations\/","article_modified_time":"2025-02-22T17:05:07+00:00","og_image":[{"width":940,"height":215,"url":"https:\/\/cargese-locations.fr\/Blog\/wp-content\/uploads\/2025\/01\/Capizzolu_plage.jpg","type":"image\/jpeg"}],"twitter_card":"summary_large_image","twitter_misc":{"Dur\u00e9e de lecture estim\u00e9e":"1 minute"},"schema":{"@context":"https:\/\/schema.org","@graph":[{"@type":"WebPage","@id":"https:\/\/cargese-locations.fr\/Blog\/plage-capizzolu\/","url":"https:\/\/cargese-locations.fr\/Blog\/plage-capizzolu\/","name":"Plage de Capizzolu.","isPartOf":{"@id":"https:\/\/cargese-locations.fr\/Blog\/#website"},"primaryImageOfPage":{"@id":"https:\/\/cargese-locations.fr\/Blog\/plage-capizzolu\/#primaryimage"},"image":{"@id":"https:\/\/cargese-locations.fr\/Blog\/plage-capizzolu\/#primaryimage"},"thumbnailUrl":"https:\/\/cargese-locations.fr\/Blog\/wp-content\/uploads\/2025\/01\/Capizzolu_plage.jpg","datePublished":"2024-12-20T09:39:28+00:00","dateModified":"2025-02-22T17:05:07+00:00","description":"la plage de Capizzolu \u00e0 Carg\u00e8se est l\u2019une des belles de la r\u00e9gion. cette plage de sable fin blanc s\u2019\u00e9tend sur 300 m\u00e8tres au milieu du maquis.","breadcrumb":{"@id":"https:\/\/cargese-locations.fr\/Blog\/plage-capizzolu\/#breadcrumb"},"inLanguage":"fr-FR","potentialAction":[{"@type":"ReadAction","target":["https:\/\/cargese-locations.fr\/Blog\/plage-capizzolu\/"]}]},{"@type":"ImageObject","inLanguage":"fr-FR","@id":"https:\/\/cargese-locations.fr\/Blog\/plage-capizzolu\/#primaryimage","url":"https:\/\/cargese-locations.fr\/Blog\/wp-content\/uploads\/2025\/01\/Capizzolu_plage.jpg","contentUrl":"https:\/\/cargese-locations.fr\/Blog\/wp-content\/uploads\/2025\/01\/Capizzolu_plage.jpg","width":940,"height":215},{"@type":"BreadcrumbList","@id":"https:\/\/cargese-locations.fr\/Blog\/plage-capizzolu\/#breadcrumb","itemListElement":[{"@type":"ListItem","position":1,"name":"Accueil","item":"https:\/\/cargese-locations.fr\/Blog\/"},{"@type":"ListItem","position":2,"name":"Plage de Capizzolu."}]},{"@type":"WebSite","@id":"https:\/\/cargese-locations.fr\/Blog\/#website","url":"https:\/\/cargese-locations.fr\/Blog\/","name":"Tout ce qui est \u00e0 voir, \u00e0 savoir , \u00e0 faire et \u00e0 visiter, \u00e0 Carg\u00e8se.","description":"Tout ce qu&#039;il y a, a voir, a savoir , a faire et a visiter, a Cargese et dans ses environs..","publisher":{"@id":"https:\/\/cargese-locations.fr\/Blog\/#organization"},"potentialAction":[{"@type":"SearchAction","target":{"@type":"EntryPoint","urlTemplate":"https:\/\/cargese-locations.fr\/Blog\/?s={search_term_string}"},"query-input":{"@type":"PropertyValueSpecification","valueRequired":true,"valueName":"search_term_string"}}],"inLanguage":"fr-FR"},{"@type":"Organization","@id":"https:\/\/cargese-locations.fr\/Blog\/#organization","name":"Tout ce qui est \u00e0 voir, \u00e0 savoir , \u00e0 faire et \u00e0 visiter, \u00e0 Carg\u00e8se.","url":"https:\/\/cargese-locations.fr\/Blog\/","logo":{"@type":"ImageObject","inLanguage":"fr-FR","@id":"https:\/\/cargese-locations.fr\/Blog\/#\/schema\/logo\/image\/","url":"https:\/\/cargese-locations.fr\/Blog\/wp-content\/uploads\/2025\/02\/cropped-cropped-cropped-CargeseLoc-1.webp","contentUrl":"https:\/\/cargese-locations.fr\/Blog\/wp-content\/uploads\/2025\/02\/cropped-cropped-cropped-CargeseLoc-1.webp","width":1100,"height":75,"caption":"Tout ce qui est \u00e0 voir, \u00e0 savoir , \u00e0 faire et \u00e0 visiter, \u00e0 Carg\u00e8se."},"image":{"@id":"https:\/\/cargese-locations.fr\/Blog\/#\/schema\/logo\/image\/"},"sameAs":["https:\/\/www.facebook.com\/CargeseLocations\/","https:\/\/www.instagram.com\/cargese_locations\/","https:\/\/www.pinterest.fr\/cargeselocation\/","https:\/\/www.youtube.com\/channel\/UCMycAdrV_YwTxfnOyaTw2CA\/"]}]}},"_links":{"self":[{"href":"https:\/\/cargese-locations.fr\/Blog\/wp-json\/wp\/v2\/pages\/2107","targetHints":{"allow":["GET"]}}],"collection":[{"href":"https:\/\/cargese-locations.fr\/Blog\/wp-json\/wp\/v2\/pages"}],"about":[{"href":"https:\/\/cargese-locations.fr\/Blog\/wp-json\/wp\/v2\/types\/page"}],"author":[{"embeddable":true,"href":"https:\/\/cargese-locations.fr\/Blog\/wp-json\/wp\/v2\/users\/1"}],"replies":[{"embeddable":true,"href":"https:\/\/cargese-locations.fr\/Blog\/wp-json\/wp\/v2\/comments?post=2107"}],"version-history":[{"count":22,"href":"https:\/\/cargese-locations.fr\/Blog\/wp-json\/wp\/v2\/pages\/2107\/revisions"}],"predecessor-version":[{"id":3128,"href":"https:\/\/cargese-locations.fr\/Blog\/wp-json\/wp\/v2\/pages\/2107\/revisions\/3128"}],"wp:attachment":[{"href":"https:\/\/cargese-locations.fr\/Blog\/wp-json\/wp\/v2\/media?parent=2107"}],"curies":[{"name":"wp","href":"https:\/\/api.w.org\/{rel}","templated":true}]}}