{"id":2110,"date":"2024-12-20T10:38:10","date_gmt":"2024-12-20T09:38:10","guid":{"rendered":"https:\/\/cargese-locations.fr\/Blog\/?page_id=2110"},"modified":"2025-02-14T23:29:09","modified_gmt":"2025-02-14T22:29:09","slug":"plage-stagnoli","status":"publish","type":"page","link":"https:\/\/cargese-locations.fr\/Blog\/plage-stagnoli\/","title":{"rendered":"Plage de Stagnoli."},"content":{"rendered":"\n<figure class=\"wp-block-table aligncenter\"><table><tbody><tr><td class=\"has-text-align-center\" data-align=\"center\"><strong><a href=\"https:\/\/cargese-locations.fr\/Blog\/plage-chiuni\/\">Plage de Chiuni<\/a><\/strong><\/td><td><strong><a href=\"https:\/\/cargese-locations.fr\/Blog\/plage-peru\/\">Plage du Peru<\/a><\/strong><\/td><td><strong><a href=\"https:\/\/cargese-locations.fr\/Blog\/plage-menasina\/\">Plage de Menasina<\/a><\/strong><\/td><td><strong><a href=\"https:\/\/cargese-locations.fr\/Blog\/plage-capizzolu\/\">Plage capizzolu<\/a><\/strong><\/td><td><strong><a href=\"https:\/\/cargese-locations.fr\/Blog\/plage-stagnoli\/\">Plage de Stagnoli<\/a><\/strong><\/td><\/tr><\/tbody><\/table><\/figure>\n\n\n\n<p class=\"has-small-font-size\"><strong>La&nbsp;plage de Stagnoli &nbsp;est situ\u00e9e au sud de Carg\u00e8se, en allant en direction de Sagone. Cette vaste plage de sable fin est divis\u00e9e en plusieurs zones par des rochers. Elle est r\u00e9put\u00e9e pour \u00eatre l\u2019une des plus belles plages de la c\u00f4te ouest de Corse. Elle est tr\u00e8s fr\u00e9quent\u00e9e par les familles avec des enfants car ses eaux peu profondes sont propices \u00e0 la baignade et aux jeux. A l\u2019extr\u00e9mit\u00e9 de la plage, on trouve un restaurant: <em>\u00ab\u00a0A Paolina\u00a0\u00bb.<\/em><\/strong><\/p>\n\n\n\n<figure class=\"wp-block-image size-large is-resized\"><img loading=\"lazy\" decoding=\"async\" width=\"1024\" height=\"684\" src=\"https:\/\/cargese-locations.fr\/Blog\/wp-content\/uploads\/2025\/01\/Stagnoli-1024x684.webp\" alt=\"\" class=\"wp-image-2938\" style=\"width:1000px\" srcset=\"https:\/\/cargese-locations.fr\/Blog\/wp-content\/uploads\/2025\/01\/Stagnoli-1024x684.webp 1024w, https:\/\/cargese-locations.fr\/Blog\/wp-content\/uploads\/2025\/01\/Stagnoli-300x200.webp 300w, https:\/\/cargese-locations.fr\/Blog\/wp-content\/uploads\/2025\/01\/Stagnoli-768x513.webp 768w, https:\/\/cargese-locations.fr\/Blog\/wp-content\/uploads\/2025\/01\/Stagnoli-1536x1025.webp 1536w, https:\/\/cargese-locations.fr\/Blog\/wp-content\/uploads\/2025\/01\/Stagnoli.webp 1600w\" sizes=\"auto, (max-width: 1024px) 100vw, 1024px\" \/><\/figure>\n\n\n\n<p class=\"has-small-font-size\"><strong>Pour vous rendre sur cette plage, prendre la direction de Sagone par la D81 depuis Carg\u00e8se. 1.5 Km apr\u00e8s la r\u00e9sidence Les Mandiles, on trouve un petit parking sur la droite.<\/strong><\/p>\n\n\n\n<p class=\"has-text-color\" style=\"color:#e02a2a\"><strong>Carte Google Maps \u00e0 agrandir pour zoom, localisation et itin\u00e9raire<\/strong>&#8230;<\/p>\n\n\n\n<iframe src=\"https:\/\/www.google.com\/maps\/embed?pb=!1m14!1m12!1m3!1d4440.4883828477305!2d8.651329290295706!3d42.1192961155631!2m3!1f0!2f0!3f0!3m2!1i1024!2i768!4f13.1!5e1!3m2!1sfr!2sfr!4v1697871973180!5m2!1sfr!2sfr\" width=\"1000\" height=\"450\" style=\"border:0;\" allowfullscreen=\"\" loading=\"lazy\" referrerpolicy=\"no-referrer-when-downgrade\">\n<\/iframe><\/iframe>\n","protected":false},"excerpt":{"rendered":"<p>Plage de Chiuni Plage du Peru Plage de Menasina Plage capizzolu Plage de Stagnoli La&nbsp;plage de Stagnoli &nbsp;est situ\u00e9e au sud de Carg\u00e8se, en allant en direction de Sagone. Cette vaste plage de sable fin est divis\u00e9e en plusieurs zones par des rochers. Elle est r\u00e9put\u00e9e pour \u00eatre l\u2019une des plus belles plages de la&#8230;<\/p>\n","protected":false},"author":1,"featured_media":0,"parent":0,"menu_order":0,"comment_status":"closed","ping_status":"closed","template":"","meta":{"_kad_post_transparent":"","_kad_post_title":"","_kad_post_layout":"","_kad_post_sidebar_id":"","_kad_post_content_style":"","_kad_post_vertical_padding":"","_kad_post_feature":"","_kad_post_feature_position":"","_kad_post_header":false,"_kad_post_footer":false,"_kad_post_classname":"","footnotes":""},"class_list":["post-2110","page","type-page","status-publish","hentry"],"yoast_head":"<!-- This site is optimized with the Yoast SEO plugin v27.5 - https:\/\/yoast.com\/product\/yoast-seo-wordpress\/ -->\n<title>Plage de Stagnoli. (Carg\u00e8se . Ouest-Corse)<\/title>\n<meta name=\"description\" content=\"La\u00a0plage de Stagnoli \u00a0est situ\u00e9e au sud de Carg\u00e8se, en allant en direction de Sagone. vaste plage de sable fin s\u00e9par\u00e9e en trois parties.\" \/>\n<meta name=\"robots\" content=\"index, follow, max-snippet:-1, max-image-preview:large, max-video-preview:-1\" \/>\n<link rel=\"canonical\" href=\"https:\/\/cargese-locations.fr\/Blog\/plage-stagnoli\/\" \/>\n<meta property=\"og:locale\" content=\"fr_FR\" \/>\n<meta property=\"og:type\" content=\"article\" \/>\n<meta property=\"og:title\" content=\"Plage de Stagnoli. (Carg\u00e8se . Ouest-Corse)\" \/>\n<meta property=\"og:description\" content=\"La\u00a0plage de Stagnoli \u00a0est situ\u00e9e au sud de Carg\u00e8se, en allant en direction de Sagone. vaste plage de sable fin s\u00e9par\u00e9e en trois parties.\" \/>\n<meta property=\"og:url\" content=\"https:\/\/cargese-locations.fr\/Blog\/plage-stagnoli\/\" \/>\n<meta property=\"og:site_name\" content=\"Tout ce qui est \u00e0 voir, \u00e0 savoir , \u00e0 faire et \u00e0 visiter, \u00e0 Carg\u00e8se.\" \/>\n<meta property=\"article:publisher\" content=\"https:\/\/www.facebook.com\/CargeseLocations\/\" \/>\n<meta property=\"article:modified_time\" content=\"2025-02-14T22:29:09+00:00\" \/>\n<meta property=\"og:image\" content=\"https:\/\/cargese-locations.fr\/Blog\/wp-content\/uploads\/2025\/01\/Stagnoli.webp\" \/>\n\t<meta property=\"og:image:width\" content=\"1600\" \/>\n\t<meta property=\"og:image:height\" content=\"1068\" \/>\n\t<meta property=\"og:image:type\" content=\"image\/webp\" \/>\n<meta name=\"twitter:card\" content=\"summary_large_image\" \/>\n<meta name=\"twitter:label1\" content=\"Dur\u00e9e de lecture estim\u00e9e\" \/>\n\t<meta name=\"twitter:data1\" content=\"1 minute\" \/>\n<script type=\"application\/ld+json\" class=\"yoast-schema-graph\">{\"@context\":\"https:\\\/\\\/schema.org\",\"@graph\":[{\"@type\":\"WebPage\",\"@id\":\"https:\\\/\\\/cargese-locations.fr\\\/Blog\\\/plage-stagnoli\\\/\",\"url\":\"https:\\\/\\\/cargese-locations.fr\\\/Blog\\\/plage-stagnoli\\\/\",\"name\":\"Plage de Stagnoli. (Carg\u00e8se . Ouest-Corse)\",\"isPartOf\":{\"@id\":\"https:\\\/\\\/cargese-locations.fr\\\/Blog\\\/#website\"},\"primaryImageOfPage\":{\"@id\":\"https:\\\/\\\/cargese-locations.fr\\\/Blog\\\/plage-stagnoli\\\/#primaryimage\"},\"image\":{\"@id\":\"https:\\\/\\\/cargese-locations.fr\\\/Blog\\\/plage-stagnoli\\\/#primaryimage\"},\"thumbnailUrl\":\"https:\\\/\\\/cargese-locations.fr\\\/Blog\\\/wp-content\\\/uploads\\\/2025\\\/01\\\/Stagnoli-1024x684.webp\",\"datePublished\":\"2024-12-20T09:38:10+00:00\",\"dateModified\":\"2025-02-14T22:29:09+00:00\",\"description\":\"La\u00a0plage de Stagnoli \u00a0est situ\u00e9e au sud de Carg\u00e8se, en allant en direction de Sagone. vaste plage de sable fin s\u00e9par\u00e9e en trois parties.\",\"breadcrumb\":{\"@id\":\"https:\\\/\\\/cargese-locations.fr\\\/Blog\\\/plage-stagnoli\\\/#breadcrumb\"},\"inLanguage\":\"fr-FR\",\"potentialAction\":[{\"@type\":\"ReadAction\",\"target\":[\"https:\\\/\\\/cargese-locations.fr\\\/Blog\\\/plage-stagnoli\\\/\"]}]},{\"@type\":\"ImageObject\",\"inLanguage\":\"fr-FR\",\"@id\":\"https:\\\/\\\/cargese-locations.fr\\\/Blog\\\/plage-stagnoli\\\/#primaryimage\",\"url\":\"https:\\\/\\\/cargese-locations.fr\\\/Blog\\\/wp-content\\\/uploads\\\/2025\\\/01\\\/Stagnoli.webp\",\"contentUrl\":\"https:\\\/\\\/cargese-locations.fr\\\/Blog\\\/wp-content\\\/uploads\\\/2025\\\/01\\\/Stagnoli.webp\",\"width\":1600,\"height\":1068},{\"@type\":\"BreadcrumbList\",\"@id\":\"https:\\\/\\\/cargese-locations.fr\\\/Blog\\\/plage-stagnoli\\\/#breadcrumb\",\"itemListElement\":[{\"@type\":\"ListItem\",\"position\":1,\"name\":\"Accueil\",\"item\":\"https:\\\/\\\/cargese-locations.fr\\\/Blog\\\/\"},{\"@type\":\"ListItem\",\"position\":2,\"name\":\"Plage de Stagnoli.\"}]},{\"@type\":\"WebSite\",\"@id\":\"https:\\\/\\\/cargese-locations.fr\\\/Blog\\\/#website\",\"url\":\"https:\\\/\\\/cargese-locations.fr\\\/Blog\\\/\",\"name\":\"Tout ce qui est \u00e0 voir, \u00e0 savoir , \u00e0 faire et \u00e0 visiter, \u00e0 Carg\u00e8se.\",\"description\":\"Tout ce qu&#039;il y a, a voir, a savoir , a faire et a visiter, a Cargese et dans ses environs..\",\"publisher\":{\"@id\":\"https:\\\/\\\/cargese-locations.fr\\\/Blog\\\/#organization\"},\"potentialAction\":[{\"@type\":\"SearchAction\",\"target\":{\"@type\":\"EntryPoint\",\"urlTemplate\":\"https:\\\/\\\/cargese-locations.fr\\\/Blog\\\/?s={search_term_string}\"},\"query-input\":{\"@type\":\"PropertyValueSpecification\",\"valueRequired\":true,\"valueName\":\"search_term_string\"}}],\"inLanguage\":\"fr-FR\"},{\"@type\":\"Organization\",\"@id\":\"https:\\\/\\\/cargese-locations.fr\\\/Blog\\\/#organization\",\"name\":\"Tout ce qui est \u00e0 voir, \u00e0 savoir , \u00e0 faire et \u00e0 visiter, \u00e0 Carg\u00e8se.\",\"url\":\"https:\\\/\\\/cargese-locations.fr\\\/Blog\\\/\",\"logo\":{\"@type\":\"ImageObject\",\"inLanguage\":\"fr-FR\",\"@id\":\"https:\\\/\\\/cargese-locations.fr\\\/Blog\\\/#\\\/schema\\\/logo\\\/image\\\/\",\"url\":\"https:\\\/\\\/cargese-locations.fr\\\/Blog\\\/wp-content\\\/uploads\\\/2025\\\/02\\\/cropped-cropped-cropped-CargeseLoc-1.webp\",\"contentUrl\":\"https:\\\/\\\/cargese-locations.fr\\\/Blog\\\/wp-content\\\/uploads\\\/2025\\\/02\\\/cropped-cropped-cropped-CargeseLoc-1.webp\",\"width\":1100,\"height\":75,\"caption\":\"Tout ce qui est \u00e0 voir, \u00e0 savoir , \u00e0 faire et \u00e0 visiter, \u00e0 Carg\u00e8se.\"},\"image\":{\"@id\":\"https:\\\/\\\/cargese-locations.fr\\\/Blog\\\/#\\\/schema\\\/logo\\\/image\\\/\"},\"sameAs\":[\"https:\\\/\\\/www.facebook.com\\\/CargeseLocations\\\/\",\"https:\\\/\\\/www.instagram.com\\\/cargese_locations\\\/\",\"https:\\\/\\\/www.pinterest.fr\\\/cargeselocation\\\/\",\"https:\\\/\\\/www.youtube.com\\\/channel\\\/UCMycAdrV_YwTxfnOyaTw2CA\\\/\"]}]}<\/script>\n<!-- \/ Yoast SEO plugin. -->","yoast_head_json":{"title":"Plage de Stagnoli. (Carg\u00e8se . Ouest-Corse)","description":"La\u00a0plage de Stagnoli \u00a0est situ\u00e9e au sud de Carg\u00e8se, en allant en direction de Sagone. vaste plage de sable fin s\u00e9par\u00e9e en trois parties.","robots":{"index":"index","follow":"follow","max-snippet":"max-snippet:-1","max-image-preview":"max-image-preview:large","max-video-preview":"max-video-preview:-1"},"canonical":"https:\/\/cargese-locations.fr\/Blog\/plage-stagnoli\/","og_locale":"fr_FR","og_type":"article","og_title":"Plage de Stagnoli. (Carg\u00e8se . Ouest-Corse)","og_description":"La\u00a0plage de Stagnoli \u00a0est situ\u00e9e au sud de Carg\u00e8se, en allant en direction de Sagone. vaste plage de sable fin s\u00e9par\u00e9e en trois parties.","og_url":"https:\/\/cargese-locations.fr\/Blog\/plage-stagnoli\/","og_site_name":"Tout ce qui est \u00e0 voir, \u00e0 savoir , \u00e0 faire et \u00e0 visiter, \u00e0 Carg\u00e8se.","article_publisher":"https:\/\/www.facebook.com\/CargeseLocations\/","article_modified_time":"2025-02-14T22:29:09+00:00","og_image":[{"width":1600,"height":1068,"url":"https:\/\/cargese-locations.fr\/Blog\/wp-content\/uploads\/2025\/01\/Stagnoli.webp","type":"image\/webp"}],"twitter_card":"summary_large_image","twitter_misc":{"Dur\u00e9e de lecture estim\u00e9e":"1 minute"},"schema":{"@context":"https:\/\/schema.org","@graph":[{"@type":"WebPage","@id":"https:\/\/cargese-locations.fr\/Blog\/plage-stagnoli\/","url":"https:\/\/cargese-locations.fr\/Blog\/plage-stagnoli\/","name":"Plage de Stagnoli. (Carg\u00e8se . Ouest-Corse)","isPartOf":{"@id":"https:\/\/cargese-locations.fr\/Blog\/#website"},"primaryImageOfPage":{"@id":"https:\/\/cargese-locations.fr\/Blog\/plage-stagnoli\/#primaryimage"},"image":{"@id":"https:\/\/cargese-locations.fr\/Blog\/plage-stagnoli\/#primaryimage"},"thumbnailUrl":"https:\/\/cargese-locations.fr\/Blog\/wp-content\/uploads\/2025\/01\/Stagnoli-1024x684.webp","datePublished":"2024-12-20T09:38:10+00:00","dateModified":"2025-02-14T22:29:09+00:00","description":"La\u00a0plage de Stagnoli \u00a0est situ\u00e9e au sud de Carg\u00e8se, en allant en direction de Sagone. vaste plage de sable fin s\u00e9par\u00e9e en trois parties.","breadcrumb":{"@id":"https:\/\/cargese-locations.fr\/Blog\/plage-stagnoli\/#breadcrumb"},"inLanguage":"fr-FR","potentialAction":[{"@type":"ReadAction","target":["https:\/\/cargese-locations.fr\/Blog\/plage-stagnoli\/"]}]},{"@type":"ImageObject","inLanguage":"fr-FR","@id":"https:\/\/cargese-locations.fr\/Blog\/plage-stagnoli\/#primaryimage","url":"https:\/\/cargese-locations.fr\/Blog\/wp-content\/uploads\/2025\/01\/Stagnoli.webp","contentUrl":"https:\/\/cargese-locations.fr\/Blog\/wp-content\/uploads\/2025\/01\/Stagnoli.webp","width":1600,"height":1068},{"@type":"BreadcrumbList","@id":"https:\/\/cargese-locations.fr\/Blog\/plage-stagnoli\/#breadcrumb","itemListElement":[{"@type":"ListItem","position":1,"name":"Accueil","item":"https:\/\/cargese-locations.fr\/Blog\/"},{"@type":"ListItem","position":2,"name":"Plage de Stagnoli."}]},{"@type":"WebSite","@id":"https:\/\/cargese-locations.fr\/Blog\/#website","url":"https:\/\/cargese-locations.fr\/Blog\/","name":"Tout ce qui est \u00e0 voir, \u00e0 savoir , \u00e0 faire et \u00e0 visiter, \u00e0 Carg\u00e8se.","description":"Tout ce qu&#039;il y a, a voir, a savoir , a faire et a visiter, a Cargese et dans ses environs..","publisher":{"@id":"https:\/\/cargese-locations.fr\/Blog\/#organization"},"potentialAction":[{"@type":"SearchAction","target":{"@type":"EntryPoint","urlTemplate":"https:\/\/cargese-locations.fr\/Blog\/?s={search_term_string}"},"query-input":{"@type":"PropertyValueSpecification","valueRequired":true,"valueName":"search_term_string"}}],"inLanguage":"fr-FR"},{"@type":"Organization","@id":"https:\/\/cargese-locations.fr\/Blog\/#organization","name":"Tout ce qui est \u00e0 voir, \u00e0 savoir , \u00e0 faire et \u00e0 visiter, \u00e0 Carg\u00e8se.","url":"https:\/\/cargese-locations.fr\/Blog\/","logo":{"@type":"ImageObject","inLanguage":"fr-FR","@id":"https:\/\/cargese-locations.fr\/Blog\/#\/schema\/logo\/image\/","url":"https:\/\/cargese-locations.fr\/Blog\/wp-content\/uploads\/2025\/02\/cropped-cropped-cropped-CargeseLoc-1.webp","contentUrl":"https:\/\/cargese-locations.fr\/Blog\/wp-content\/uploads\/2025\/02\/cropped-cropped-cropped-CargeseLoc-1.webp","width":1100,"height":75,"caption":"Tout ce qui est \u00e0 voir, \u00e0 savoir , \u00e0 faire et \u00e0 visiter, \u00e0 Carg\u00e8se."},"image":{"@id":"https:\/\/cargese-locations.fr\/Blog\/#\/schema\/logo\/image\/"},"sameAs":["https:\/\/www.facebook.com\/CargeseLocations\/","https:\/\/www.instagram.com\/cargese_locations\/","https:\/\/www.pinterest.fr\/cargeselocation\/","https:\/\/www.youtube.com\/channel\/UCMycAdrV_YwTxfnOyaTw2CA\/"]}]}},"_links":{"self":[{"href":"https:\/\/cargese-locations.fr\/Blog\/wp-json\/wp\/v2\/pages\/2110","targetHints":{"allow":["GET"]}}],"collection":[{"href":"https:\/\/cargese-locations.fr\/Blog\/wp-json\/wp\/v2\/pages"}],"about":[{"href":"https:\/\/cargese-locations.fr\/Blog\/wp-json\/wp\/v2\/types\/page"}],"author":[{"embeddable":true,"href":"https:\/\/cargese-locations.fr\/Blog\/wp-json\/wp\/v2\/users\/1"}],"replies":[{"embeddable":true,"href":"https:\/\/cargese-locations.fr\/Blog\/wp-json\/wp\/v2\/comments?post=2110"}],"version-history":[{"count":25,"href":"https:\/\/cargese-locations.fr\/Blog\/wp-json\/wp\/v2\/pages\/2110\/revisions"}],"predecessor-version":[{"id":3075,"href":"https:\/\/cargese-locations.fr\/Blog\/wp-json\/wp\/v2\/pages\/2110\/revisions\/3075"}],"wp:attachment":[{"href":"https:\/\/cargese-locations.fr\/Blog\/wp-json\/wp\/v2\/media?parent=2110"}],"curies":[{"name":"wp","href":"https:\/\/api.w.org\/{rel}","templated":true}]}}