{"id":3100,"date":"2025-02-19T10:29:57","date_gmt":"2025-02-19T09:29:57","guid":{"rendered":"https:\/\/cargese-locations.fr\/Blog\/?page_id=3100"},"modified":"2025-02-21T13:20:49","modified_gmt":"2025-02-21T12:20:49","slug":"eglise-grecque","status":"publish","type":"page","link":"https:\/\/cargese-locations.fr\/Blog\/eglise-grecque\/","title":{"rendered":"Eglise \u00ab\u00a0grecque\u00a0\u00bb Saint Spyridon de Carg\u00e8se."},"content":{"rendered":"\n<p><\/p>\n\n\n\n<p>Situ\u00e9e dans le charmant village de Carg\u00e8se, en Corse, l&rsquo;\u00e9glise grecque Saint Spyridon est un joyau architectural et un t\u00e9moignage vivant de l&rsquo;histoire et de la culture grecque en terre corse. Cette \u00e9glise, d\u00e9di\u00e9e \u00e0 Saint Spyridon, \u00e9v\u00eaque de Chypre au IIIe si\u00e8cle et patron des marins, est un lieu de culte unique qui attire \u00e0 la fois les fid\u00e8les et les visiteurs curieux de d\u00e9couvrir son riche patrimoine.<\/p>\n\n\n\n<ul class=\"wp-block-list\">\n<li><strong>Histoire et Construction<\/strong><\/li>\n<\/ul>\n\n\n\n<p>L&rsquo;\u00e9glise Saint Spyridon, \u00e9galement connue sous le nom de San Spiridionu, a \u00e9t\u00e9 construite entre 1868 et 1874 par les habitants de Carg\u00e8se. Elle remplace une chapelle plus ancienne, \u00e9tablie en 1775 dans une maison de la colonie grecque, qui ne pouvait plus accueillir tous les fid\u00e8les. La construction de cette nouvelle \u00e9glise a \u00e9t\u00e9 d\u00e9cid\u00e9e pour r\u00e9pondre aux besoins de la communaut\u00e9 grecque, qui souhaitait un lieu de culte plus spacieux et adapt\u00e9 \u00e0 leurs rites.<\/p>\n\n\n\n<p>La colonie grecque de Carg\u00e8se, compos\u00e9e de r\u00e9fugi\u00e9s fuyant les Turcs, a trouv\u00e9 refuge en Corse au XVIIIe si\u00e8cle. Pour conserver leurs rites orthodoxes tout en reconnaissant l&rsquo;autorit\u00e9 du pape, les Grecs ont construit cette \u00e9glise de rite \u00ab\u00a0catholiquement orthodoxe\u00a0\u00bb, qui a \u00e9t\u00e9 <a href=\"https:\/\/www.atlas-tourisme-patrimonial-corse.fr\/sites-de-corse-du-sud\/2a-cargese\/xix-eglise-dite-grecque-saint-spyridon\">class\u00e9e<\/a> en 1990.<\/p>\n\n\n\n<ul class=\"wp-block-list\">\n<li><strong>Architecture et D\u00e9coration<\/strong><\/li>\n<\/ul>\n\n\n\n<p>L&rsquo;\u00e9glise Saint Spyridon se distingue par son architecture n\u00e9o-gothique, avec une fa\u00e7ade blanche soutenue par des contreforts et couronn\u00e9e d&rsquo;un clocher. \u00c0 l&rsquo;int\u00e9rieur, le sanctuaire est s\u00e9par\u00e9 de la nef par une cloison de bois d\u00e9cor\u00e9e d&rsquo;images saintes sur fond d&rsquo;or. Les ic\u00f4nes, apport\u00e9es par les premiers habitants grecs, sont de v\u00e9ritables <a href=\"https:\/\/www.corsicatheque.com\/Histoire-patrimoine\/Sites-historiques\/Cargese-Eglise-Saint-Spyridon-dite-grecque\">tr\u00e9sors artistiques et spirituels<\/a>.<\/p>\n\n\n\n<p>L&rsquo;inscription \u00ab\u00a0OIKOS THEOU\u00a0\u00bb au-dessus de la porte d&rsquo;entr\u00e9e signifie \u00ab\u00a0maison de Dieu\u00a0\u00bb, rappelant que l&rsquo;\u00e9glise est l&rsquo;incarnation des cieux sur terre et manifeste la pr\u00e9sence permanente du <a href=\"https:\/\/www.cargese.corsica\/panneau-eglise-grecque\/\">Royaume de Dieu dans le monde<\/a>.<\/p>\n\n\n\n<ul class=\"wp-block-list\">\n<li> <strong>Vie Liturgique et Traditions<\/strong>.<\/li>\n<\/ul>\n\n\n\n<p>L&rsquo;\u00e9glise Saint Spyridon suit presque int\u00e9gralement le rite d&rsquo;Ath\u00e8nes et de Constantinople, comme les colonies grecques-catholiques de Paris, Lyon et Marseille. Les deux solennit\u00e9s les plus importantes sont le Lundi de P\u00e2ques, avec la b\u00e9n\u00e9diction des campagnes, et la f\u00eate patronale de Saint Spyridon, c\u00e9l\u00e9br\u00e9e le 12 d\u00e9cembre. Lors de cette f\u00eate, la divine liturgie de Saint Jean Chrysostome est suivie d&rsquo;une procession \u00e0 travers le village, o\u00f9 les fid\u00e8les portent l&rsquo;ic\u00f4ne de la <a href=\"https:\/\/www.visit-corsica.com\/Mon-sejour\/Patrimoine-culturel\/Tout-le-patrimoine-culturel\/EGLISE-SAINT-SPYRIDON\">Vierge et de l&rsquo;Enfant.<\/a><\/p>\n\n\n\n<p>La chorale de l&rsquo;\u00e9glise, commune aux deux \u00e9glises de Carg\u00e8se, chante en grec et en latin, symbolisant l&rsquo;union des deux communaut\u00e9s. Chaque ann\u00e9e, l&rsquo;\u00e9v\u00eaque de Corse est invit\u00e9 \u00e0 assister aux c\u00e9l\u00e9brations pascales, renfor\u00e7ant ainsi les liens entre les traditions grecque et latine.<\/p>\n\n\n\n<ul class=\"wp-block-list\">\n<li>I<strong>mportance Culturelle et Patrimoniale<\/strong>.<\/li>\n<\/ul>\n\n\n\n<p>L&rsquo;\u00e9glise Saint Spyridon est un symbole vivant de la tradition grecque en Corse. Elle t\u00e9moigne de l&rsquo;exode des chr\u00e9tiens d&rsquo;Orient et de leur int\u00e9gration r\u00e9ussie dans la soci\u00e9t\u00e9 corse. Situ\u00e9e sur la Punta di Carghjese, entre le golfe de Sagone et le petit golfe de Peru, l&rsquo;\u00e9glise offre un panorama grandiose et contribue \u00e0 l<a href=\"https:\/\/www.fondation-patrimoine.org\/les-projets\/eglise-saint-spyridon\/73063\">&lsquo;attrait touristique de la r\u00e9gion<\/a>.<\/p>\n\n\n\n<p><strong>Conclusion<\/strong>.<\/p>\n\n\n\n<p>L&rsquo;\u00e9glise grecque Saint Spyridon de Carg\u00e8se est bien plus qu&rsquo;un simple lieu de culte. Elle est un t\u00e9moignage historique, un tr\u00e9sor architectural et un symbole de l&rsquo;union entre deux cultures. Que vous soyez un fid\u00e8le ou un visiteur curieux, cette \u00e9glise vous offrira une exp\u00e9rience unique et enrichissante, plongeant au c\u0153ur de l&rsquo;histoire et des traditions grecques en terre corse.<\/p>\n\n\n\n<figure class=\"wp-block-image size-large\"><img loading=\"lazy\" decoding=\"async\" width=\"1024\" height=\"684\" src=\"https:\/\/cargese-locations.fr\/Blog\/wp-content\/uploads\/2025\/02\/24-1024x684.jpg\" alt=\"\" class=\"wp-image-3113\" srcset=\"https:\/\/cargese-locations.fr\/Blog\/wp-content\/uploads\/2025\/02\/24-1024x684.jpg 1024w, https:\/\/cargese-locations.fr\/Blog\/wp-content\/uploads\/2025\/02\/24-300x200.jpg 300w, https:\/\/cargese-locations.fr\/Blog\/wp-content\/uploads\/2025\/02\/24-768x513.jpg 768w, https:\/\/cargese-locations.fr\/Blog\/wp-content\/uploads\/2025\/02\/24.jpg 1390w\" sizes=\"auto, (max-width: 1024px) 100vw, 1024px\" \/><\/figure>\n\n\n\n<figure class=\"wp-block-image size-large\"><img loading=\"lazy\" decoding=\"async\" width=\"1024\" height=\"683\" src=\"https:\/\/cargese-locations.fr\/Blog\/wp-content\/uploads\/2025\/02\/28-1024x683.jpg\" alt=\"\" class=\"wp-image-3114\" srcset=\"https:\/\/cargese-locations.fr\/Blog\/wp-content\/uploads\/2025\/02\/28-1024x683.jpg 1024w, https:\/\/cargese-locations.fr\/Blog\/wp-content\/uploads\/2025\/02\/28-300x200.jpg 300w, https:\/\/cargese-locations.fr\/Blog\/wp-content\/uploads\/2025\/02\/28-768x512.jpg 768w, https:\/\/cargese-locations.fr\/Blog\/wp-content\/uploads\/2025\/02\/28.jpg 1530w\" sizes=\"auto, (max-width: 1024px) 100vw, 1024px\" \/><\/figure>\n","protected":false},"excerpt":{"rendered":"<p>Situ\u00e9e dans le charmant village de Carg\u00e8se, en Corse, l&rsquo;\u00e9glise grecque Saint Spyridon est un joyau architectural et un t\u00e9moignage vivant de l&rsquo;histoire et de la culture grecque en terre corse. Cette \u00e9glise, d\u00e9di\u00e9e \u00e0 Saint Spyridon, \u00e9v\u00eaque de Chypre au IIIe si\u00e8cle et patron des marins, est un lieu de culte unique qui attire&#8230;<\/p>\n","protected":false},"author":1,"featured_media":0,"parent":0,"menu_order":0,"comment_status":"closed","ping_status":"closed","template":"","meta":{"_kad_post_transparent":"","_kad_post_title":"","_kad_post_layout":"","_kad_post_sidebar_id":"","_kad_post_content_style":"","_kad_post_vertical_padding":"","_kad_post_feature":"","_kad_post_feature_position":"","_kad_post_header":false,"_kad_post_footer":false,"_kad_post_classname":"","footnotes":""},"class_list":["post-3100","page","type-page","status-publish","hentry"],"yoast_head":"<!-- This site is optimized with the Yoast SEO plugin v27.3 - https:\/\/yoast.com\/product\/yoast-seo-wordpress\/ -->\n<title>Eglise &quot;grecque&quot; Saint Spyridon de Carg\u00e8se. - Tout ce qui est \u00e0 voir, \u00e0 savoir , \u00e0 faire et \u00e0 visiter, \u00e0 Carg\u00e8se.<\/title>\n<meta name=\"description\" content=\"Eglise grecque Saint Spyridon de Carg\u00e8se.\" \/>\n<meta name=\"robots\" content=\"index, follow, max-snippet:-1, max-image-preview:large, max-video-preview:-1\" \/>\n<link rel=\"canonical\" href=\"https:\/\/cargese-locations.fr\/Blog\/eglise-grecque\/\" \/>\n<meta property=\"og:locale\" content=\"fr_FR\" \/>\n<meta property=\"og:type\" content=\"article\" \/>\n<meta property=\"og:title\" content=\"Eglise &quot;grecque&quot; Saint Spyridon de Carg\u00e8se. - Tout ce qui est \u00e0 voir, \u00e0 savoir , \u00e0 faire et \u00e0 visiter, \u00e0 Carg\u00e8se.\" \/>\n<meta property=\"og:description\" content=\"Eglise grecque Saint Spyridon de Carg\u00e8se.\" \/>\n<meta property=\"og:url\" content=\"https:\/\/cargese-locations.fr\/Blog\/eglise-grecque\/\" \/>\n<meta property=\"og:site_name\" content=\"Tout ce qui est \u00e0 voir, \u00e0 savoir , \u00e0 faire et \u00e0 visiter, \u00e0 Carg\u00e8se.\" \/>\n<meta property=\"article:publisher\" content=\"https:\/\/www.facebook.com\/CargeseLocations\/\" \/>\n<meta property=\"article:modified_time\" content=\"2025-02-21T12:20:49+00:00\" \/>\n<meta property=\"og:image\" content=\"https:\/\/cargese-locations.fr\/Blog\/wp-content\/uploads\/2025\/02\/24.jpg\" \/>\n\t<meta property=\"og:image:width\" content=\"1390\" \/>\n\t<meta property=\"og:image:height\" content=\"928\" \/>\n\t<meta property=\"og:image:type\" content=\"image\/jpeg\" \/>\n<meta name=\"twitter:card\" content=\"summary_large_image\" \/>\n<meta name=\"twitter:label1\" content=\"Dur\u00e9e de lecture estim\u00e9e\" \/>\n\t<meta name=\"twitter:data1\" content=\"4 minutes\" \/>\n<script type=\"application\/ld+json\" class=\"yoast-schema-graph\">{\"@context\":\"https:\\\/\\\/schema.org\",\"@graph\":[{\"@type\":\"WebPage\",\"@id\":\"https:\\\/\\\/cargese-locations.fr\\\/Blog\\\/eglise-grecque\\\/\",\"url\":\"https:\\\/\\\/cargese-locations.fr\\\/Blog\\\/eglise-grecque\\\/\",\"name\":\"Eglise \\\"grecque\\\" Saint Spyridon de Carg\u00e8se. - Tout ce qui est \u00e0 voir, \u00e0 savoir , \u00e0 faire et \u00e0 visiter, \u00e0 Carg\u00e8se.\",\"isPartOf\":{\"@id\":\"https:\\\/\\\/cargese-locations.fr\\\/Blog\\\/#website\"},\"primaryImageOfPage\":{\"@id\":\"https:\\\/\\\/cargese-locations.fr\\\/Blog\\\/eglise-grecque\\\/#primaryimage\"},\"image\":{\"@id\":\"https:\\\/\\\/cargese-locations.fr\\\/Blog\\\/eglise-grecque\\\/#primaryimage\"},\"thumbnailUrl\":\"https:\\\/\\\/cargese-locations.fr\\\/Blog\\\/wp-content\\\/uploads\\\/2025\\\/02\\\/24-1024x684.jpg\",\"datePublished\":\"2025-02-19T09:29:57+00:00\",\"dateModified\":\"2025-02-21T12:20:49+00:00\",\"description\":\"Eglise grecque Saint Spyridon de Carg\u00e8se.\",\"breadcrumb\":{\"@id\":\"https:\\\/\\\/cargese-locations.fr\\\/Blog\\\/eglise-grecque\\\/#breadcrumb\"},\"inLanguage\":\"fr-FR\",\"potentialAction\":[{\"@type\":\"ReadAction\",\"target\":[\"https:\\\/\\\/cargese-locations.fr\\\/Blog\\\/eglise-grecque\\\/\"]}]},{\"@type\":\"ImageObject\",\"inLanguage\":\"fr-FR\",\"@id\":\"https:\\\/\\\/cargese-locations.fr\\\/Blog\\\/eglise-grecque\\\/#primaryimage\",\"url\":\"https:\\\/\\\/cargese-locations.fr\\\/Blog\\\/wp-content\\\/uploads\\\/2025\\\/02\\\/24.jpg\",\"contentUrl\":\"https:\\\/\\\/cargese-locations.fr\\\/Blog\\\/wp-content\\\/uploads\\\/2025\\\/02\\\/24.jpg\",\"width\":1390,\"height\":928},{\"@type\":\"BreadcrumbList\",\"@id\":\"https:\\\/\\\/cargese-locations.fr\\\/Blog\\\/eglise-grecque\\\/#breadcrumb\",\"itemListElement\":[{\"@type\":\"ListItem\",\"position\":1,\"name\":\"Accueil\",\"item\":\"https:\\\/\\\/cargese-locations.fr\\\/Blog\\\/\"},{\"@type\":\"ListItem\",\"position\":2,\"name\":\"Eglise \u00ab\u00a0grecque\u00a0\u00bb Saint Spyridon de Carg\u00e8se.\"}]},{\"@type\":\"WebSite\",\"@id\":\"https:\\\/\\\/cargese-locations.fr\\\/Blog\\\/#website\",\"url\":\"https:\\\/\\\/cargese-locations.fr\\\/Blog\\\/\",\"name\":\"Tout ce qui est \u00e0 voir, \u00e0 savoir , \u00e0 faire et \u00e0 visiter, \u00e0 Carg\u00e8se.\",\"description\":\"Tout ce qu&#039;il y a, a voir, a savoir , a faire et a visiter, a Cargese et dans ses environs..\",\"publisher\":{\"@id\":\"https:\\\/\\\/cargese-locations.fr\\\/Blog\\\/#organization\"},\"potentialAction\":[{\"@type\":\"SearchAction\",\"target\":{\"@type\":\"EntryPoint\",\"urlTemplate\":\"https:\\\/\\\/cargese-locations.fr\\\/Blog\\\/?s={search_term_string}\"},\"query-input\":{\"@type\":\"PropertyValueSpecification\",\"valueRequired\":true,\"valueName\":\"search_term_string\"}}],\"inLanguage\":\"fr-FR\"},{\"@type\":\"Organization\",\"@id\":\"https:\\\/\\\/cargese-locations.fr\\\/Blog\\\/#organization\",\"name\":\"Tout ce qui est \u00e0 voir, \u00e0 savoir , \u00e0 faire et \u00e0 visiter, \u00e0 Carg\u00e8se.\",\"url\":\"https:\\\/\\\/cargese-locations.fr\\\/Blog\\\/\",\"logo\":{\"@type\":\"ImageObject\",\"inLanguage\":\"fr-FR\",\"@id\":\"https:\\\/\\\/cargese-locations.fr\\\/Blog\\\/#\\\/schema\\\/logo\\\/image\\\/\",\"url\":\"https:\\\/\\\/cargese-locations.fr\\\/Blog\\\/wp-content\\\/uploads\\\/2025\\\/02\\\/cropped-cropped-cropped-CargeseLoc-1.webp\",\"contentUrl\":\"https:\\\/\\\/cargese-locations.fr\\\/Blog\\\/wp-content\\\/uploads\\\/2025\\\/02\\\/cropped-cropped-cropped-CargeseLoc-1.webp\",\"width\":1100,\"height\":75,\"caption\":\"Tout ce qui est \u00e0 voir, \u00e0 savoir , \u00e0 faire et \u00e0 visiter, \u00e0 Carg\u00e8se.\"},\"image\":{\"@id\":\"https:\\\/\\\/cargese-locations.fr\\\/Blog\\\/#\\\/schema\\\/logo\\\/image\\\/\"},\"sameAs\":[\"https:\\\/\\\/www.facebook.com\\\/CargeseLocations\\\/\",\"https:\\\/\\\/www.instagram.com\\\/cargese_locations\\\/\",\"https:\\\/\\\/www.pinterest.fr\\\/cargeselocation\\\/\",\"https:\\\/\\\/www.youtube.com\\\/channel\\\/UCMycAdrV_YwTxfnOyaTw2CA\\\/\"]}]}<\/script>\n<!-- \/ Yoast SEO plugin. -->","yoast_head_json":{"title":"Eglise \"grecque\" Saint Spyridon de Carg\u00e8se. - Tout ce qui est \u00e0 voir, \u00e0 savoir , \u00e0 faire et \u00e0 visiter, \u00e0 Carg\u00e8se.","description":"Eglise grecque Saint Spyridon de Carg\u00e8se.","robots":{"index":"index","follow":"follow","max-snippet":"max-snippet:-1","max-image-preview":"max-image-preview:large","max-video-preview":"max-video-preview:-1"},"canonical":"https:\/\/cargese-locations.fr\/Blog\/eglise-grecque\/","og_locale":"fr_FR","og_type":"article","og_title":"Eglise \"grecque\" Saint Spyridon de Carg\u00e8se. - Tout ce qui est \u00e0 voir, \u00e0 savoir , \u00e0 faire et \u00e0 visiter, \u00e0 Carg\u00e8se.","og_description":"Eglise grecque Saint Spyridon de Carg\u00e8se.","og_url":"https:\/\/cargese-locations.fr\/Blog\/eglise-grecque\/","og_site_name":"Tout ce qui est \u00e0 voir, \u00e0 savoir , \u00e0 faire et \u00e0 visiter, \u00e0 Carg\u00e8se.","article_publisher":"https:\/\/www.facebook.com\/CargeseLocations\/","article_modified_time":"2025-02-21T12:20:49+00:00","og_image":[{"width":1390,"height":928,"url":"https:\/\/cargese-locations.fr\/Blog\/wp-content\/uploads\/2025\/02\/24.jpg","type":"image\/jpeg"}],"twitter_card":"summary_large_image","twitter_misc":{"Dur\u00e9e de lecture estim\u00e9e":"4 minutes"},"schema":{"@context":"https:\/\/schema.org","@graph":[{"@type":"WebPage","@id":"https:\/\/cargese-locations.fr\/Blog\/eglise-grecque\/","url":"https:\/\/cargese-locations.fr\/Blog\/eglise-grecque\/","name":"Eglise \"grecque\" Saint Spyridon de Carg\u00e8se. - Tout ce qui est \u00e0 voir, \u00e0 savoir , \u00e0 faire et \u00e0 visiter, \u00e0 Carg\u00e8se.","isPartOf":{"@id":"https:\/\/cargese-locations.fr\/Blog\/#website"},"primaryImageOfPage":{"@id":"https:\/\/cargese-locations.fr\/Blog\/eglise-grecque\/#primaryimage"},"image":{"@id":"https:\/\/cargese-locations.fr\/Blog\/eglise-grecque\/#primaryimage"},"thumbnailUrl":"https:\/\/cargese-locations.fr\/Blog\/wp-content\/uploads\/2025\/02\/24-1024x684.jpg","datePublished":"2025-02-19T09:29:57+00:00","dateModified":"2025-02-21T12:20:49+00:00","description":"Eglise grecque Saint Spyridon de Carg\u00e8se.","breadcrumb":{"@id":"https:\/\/cargese-locations.fr\/Blog\/eglise-grecque\/#breadcrumb"},"inLanguage":"fr-FR","potentialAction":[{"@type":"ReadAction","target":["https:\/\/cargese-locations.fr\/Blog\/eglise-grecque\/"]}]},{"@type":"ImageObject","inLanguage":"fr-FR","@id":"https:\/\/cargese-locations.fr\/Blog\/eglise-grecque\/#primaryimage","url":"https:\/\/cargese-locations.fr\/Blog\/wp-content\/uploads\/2025\/02\/24.jpg","contentUrl":"https:\/\/cargese-locations.fr\/Blog\/wp-content\/uploads\/2025\/02\/24.jpg","width":1390,"height":928},{"@type":"BreadcrumbList","@id":"https:\/\/cargese-locations.fr\/Blog\/eglise-grecque\/#breadcrumb","itemListElement":[{"@type":"ListItem","position":1,"name":"Accueil","item":"https:\/\/cargese-locations.fr\/Blog\/"},{"@type":"ListItem","position":2,"name":"Eglise \u00ab\u00a0grecque\u00a0\u00bb Saint Spyridon de Carg\u00e8se."}]},{"@type":"WebSite","@id":"https:\/\/cargese-locations.fr\/Blog\/#website","url":"https:\/\/cargese-locations.fr\/Blog\/","name":"Tout ce qui est \u00e0 voir, \u00e0 savoir , \u00e0 faire et \u00e0 visiter, \u00e0 Carg\u00e8se.","description":"Tout ce qu&#039;il y a, a voir, a savoir , a faire et a visiter, a Cargese et dans ses environs..","publisher":{"@id":"https:\/\/cargese-locations.fr\/Blog\/#organization"},"potentialAction":[{"@type":"SearchAction","target":{"@type":"EntryPoint","urlTemplate":"https:\/\/cargese-locations.fr\/Blog\/?s={search_term_string}"},"query-input":{"@type":"PropertyValueSpecification","valueRequired":true,"valueName":"search_term_string"}}],"inLanguage":"fr-FR"},{"@type":"Organization","@id":"https:\/\/cargese-locations.fr\/Blog\/#organization","name":"Tout ce qui est \u00e0 voir, \u00e0 savoir , \u00e0 faire et \u00e0 visiter, \u00e0 Carg\u00e8se.","url":"https:\/\/cargese-locations.fr\/Blog\/","logo":{"@type":"ImageObject","inLanguage":"fr-FR","@id":"https:\/\/cargese-locations.fr\/Blog\/#\/schema\/logo\/image\/","url":"https:\/\/cargese-locations.fr\/Blog\/wp-content\/uploads\/2025\/02\/cropped-cropped-cropped-CargeseLoc-1.webp","contentUrl":"https:\/\/cargese-locations.fr\/Blog\/wp-content\/uploads\/2025\/02\/cropped-cropped-cropped-CargeseLoc-1.webp","width":1100,"height":75,"caption":"Tout ce qui est \u00e0 voir, \u00e0 savoir , \u00e0 faire et \u00e0 visiter, \u00e0 Carg\u00e8se."},"image":{"@id":"https:\/\/cargese-locations.fr\/Blog\/#\/schema\/logo\/image\/"},"sameAs":["https:\/\/www.facebook.com\/CargeseLocations\/","https:\/\/www.instagram.com\/cargese_locations\/","https:\/\/www.pinterest.fr\/cargeselocation\/","https:\/\/www.youtube.com\/channel\/UCMycAdrV_YwTxfnOyaTw2CA\/"]}]}},"_links":{"self":[{"href":"https:\/\/cargese-locations.fr\/Blog\/wp-json\/wp\/v2\/pages\/3100","targetHints":{"allow":["GET"]}}],"collection":[{"href":"https:\/\/cargese-locations.fr\/Blog\/wp-json\/wp\/v2\/pages"}],"about":[{"href":"https:\/\/cargese-locations.fr\/Blog\/wp-json\/wp\/v2\/types\/page"}],"author":[{"embeddable":true,"href":"https:\/\/cargese-locations.fr\/Blog\/wp-json\/wp\/v2\/users\/1"}],"replies":[{"embeddable":true,"href":"https:\/\/cargese-locations.fr\/Blog\/wp-json\/wp\/v2\/comments?post=3100"}],"version-history":[{"count":7,"href":"https:\/\/cargese-locations.fr\/Blog\/wp-json\/wp\/v2\/pages\/3100\/revisions"}],"predecessor-version":[{"id":3115,"href":"https:\/\/cargese-locations.fr\/Blog\/wp-json\/wp\/v2\/pages\/3100\/revisions\/3115"}],"wp:attachment":[{"href":"https:\/\/cargese-locations.fr\/Blog\/wp-json\/wp\/v2\/media?parent=3100"}],"curies":[{"name":"wp","href":"https:\/\/api.w.org\/{rel}","templated":true}]}}